{"id":950,"date":"2024-12-05T19:23:24","date_gmt":"2024-12-05T19:23:24","guid":{"rendered":"https:\/\/ismell.ch\/?post_type=product&#038;p=950"},"modified":"2026-02-19T01:46:54","modified_gmt":"2026-02-19T00:46:54","slug":"magic-cedar-premium-diffuser-scent-super-cedar","status":"publish","type":"product","link":"https:\/\/ismell.ch\/it\/product\/magic-cedar-premium-diffuser-scent-super-cedar\/","title":{"rendered":"MAGIC CEDAR"},"content":{"rendered":"<p><strong>Note di testa:<\/strong><br \/>\nAccordo di petali di rosa: Una nota floreale morbida e delicata che introduce una nota di eleganza e freschezza.<\/p>\n<p><strong>Note di cuore:<\/strong><br \/>\nLegno di cedro della Virginia: Protagonista della fragranza, offre un aroma caldo, secco e leggermente affumicato con un tocco di terrosit\u00e0.<\/p>\n<p><strong>Note di fondo:<\/strong><br \/>\nVetiver di Haiti: Aggiunge una profondit\u00e0 terrosa ed erbacea con una nota di affumicato.<br \/>\nMusc soyeux : Apporte une chaleur douce, semblable \u00e0 celle de la peau, qui \u00e9quilibre le caract\u00e8re bois\u00e9.<\/p>","protected":false},"excerpt":{"rendered":"<div class=\"product-entry-wrapper ct-constrained-width\">\n<div class=\"summary entry-summary entry-summary-items\">\n<div class=\"woocommerce-product-details__short-description\">\n<p>Ispirato da Byredo \u2013 Super Cedar<\/p>\n<p>Magic Cedar \u00e8 una fragranza minimalista ed elegante che si concentra sul calore e sul comfort del legno di cedro, completato da note morbide e sottili. Fa parte della famiglia degli aromi legnosi e ha un'atmosfera pulita e moderna.<\/p>\n<\/div>\n<\/div>\n<\/div>","protected":false},"featured_media":1104,"comment_status":"open","ping_status":"closed","template":"","meta":{"CBBTypography":[]},"product_brand":[],"product_cat":[30],"product_tag":[],"class_list":{"0":"post-950","1":"product","2":"type-product","3":"status-publish","4":"has-post-thumbnail","6":"product_cat-dufte","8":"first","9":"instock","10":"shipping-taxable","11":"purchasable","12":"product-type-variable","13":"has-default-attributes"},"jetpack_sharing_enabled":true,"_links":{"self":[{"href":"https:\/\/ismell.ch\/it\/wp-json\/wp\/v2\/product\/950","targetHints":{"allow":["GET"]}}],"collection":[{"href":"https:\/\/ismell.ch\/it\/wp-json\/wp\/v2\/product"}],"about":[{"href":"https:\/\/ismell.ch\/it\/wp-json\/wp\/v2\/types\/product"}],"replies":[{"embeddable":true,"href":"https:\/\/ismell.ch\/it\/wp-json\/wp\/v2\/comments?post=950"}],"wp:featuredmedia":[{"embeddable":true,"href":"https:\/\/ismell.ch\/it\/wp-json\/wp\/v2\/media\/1104"}],"wp:attachment":[{"href":"https:\/\/ismell.ch\/it\/wp-json\/wp\/v2\/media?parent=950"}],"wp:term":[{"taxonomy":"product_brand","embeddable":true,"href":"https:\/\/ismell.ch\/it\/wp-json\/wp\/v2\/product_brand?post=950"},{"taxonomy":"product_cat","embeddable":true,"href":"https:\/\/ismell.ch\/it\/wp-json\/wp\/v2\/product_cat?post=950"},{"taxonomy":"product_tag","embeddable":true,"href":"https:\/\/ismell.ch\/it\/wp-json\/wp\/v2\/product_tag?post=950"}],"curies":[{"name":"wp","href":"https:\/\/api.w.org\/{rel}","templated":true}]}}