{"id":673,"date":"2022-05-06T17:41:29","date_gmt":"2022-05-06T17:41:29","guid":{"rendered":"https:\/\/startersites.io\/blocksy\/gadgets\/?post_type=product&#038;p=673"},"modified":"2025-07-21T21:12:21","modified_gmt":"2025-07-21T19:12:21","slug":"narcotic-fleur","status":"publish","type":"product","link":"https:\/\/ismell.ch\/it\/product\/narcotic-fleur\/","title":{"rendered":"NARCOTIC FLEUR"},"content":{"rendered":"<p><strong>Note di testa:<\/strong><br \/>\nLitchi: dolce e tropicale con una freschezza succosa.<br \/>\nBergamotto: Aggiunge una brillantezza agrumata.<br \/>\nPesca: Dolcezza morbida e fruttata che ne esalta il fascino delicato.<\/p>\n<p><strong>Note di cuore:<\/strong><br \/>\nPeonia: Floreale, fresca e leggermente rosata, \u00e8 la protagonista della fragranza.<br \/>\nOrangenbl\u00fcte: Eine helle, wei\u00dfe Blumennote, die f\u00fcr Raffinesse sorgt.<br \/>\nGelsomino: Aggiunge profondit\u00e0 e sensualit\u00e0 con il suo tocco floreale cremoso.<\/p>\n<p><strong>Note di fondo:<\/strong><br \/>\nMuschio: Pulito e morbido, crea una sensazione di calore simile a quella della pelle.<br \/>\nMuschio: terroso e fondante, aggiunge consistenza alla composizione.<br \/>\nNote legnose: Fornisce una struttura liscia ed elegante alla fragranza.<\/p>","protected":false},"excerpt":{"rendered":"<div class=\"product-entry-wrapper ct-constrained-width\">\n<div class=\"summary entry-summary entry-summary-items\">\n<div class=\"woocommerce-product-details__short-description\">\n<p>Ispirato da Ex Nihilo \u2013 Fleur Narcotique<\/p>\n<p>Narcotic Fleur \u00e8 una fragranza floreale-fruttata. Viene spesso descritta come un profumo coinvolgente, moderno e luminoso.<\/p>\n<\/div>\n<\/div>\n<\/div>","protected":false},"featured_media":1391,"comment_status":"open","ping_status":"closed","template":"","meta":{"CBBTypography":[]},"product_brand":[],"product_cat":[30],"product_tag":[],"class_list":{"0":"post-673","1":"product","2":"type-product","3":"status-publish","4":"has-post-thumbnail","6":"product_cat-dufte","8":"first","9":"instock","10":"shipping-taxable","11":"purchasable","12":"product-type-variable","13":"has-default-attributes"},"jetpack_sharing_enabled":true,"_links":{"self":[{"href":"https:\/\/ismell.ch\/it\/wp-json\/wp\/v2\/product\/673","targetHints":{"allow":["GET"]}}],"collection":[{"href":"https:\/\/ismell.ch\/it\/wp-json\/wp\/v2\/product"}],"about":[{"href":"https:\/\/ismell.ch\/it\/wp-json\/wp\/v2\/types\/product"}],"replies":[{"embeddable":true,"href":"https:\/\/ismell.ch\/it\/wp-json\/wp\/v2\/comments?post=673"}],"wp:featuredmedia":[{"embeddable":true,"href":"https:\/\/ismell.ch\/it\/wp-json\/wp\/v2\/media\/1391"}],"wp:attachment":[{"href":"https:\/\/ismell.ch\/it\/wp-json\/wp\/v2\/media?parent=673"}],"wp:term":[{"taxonomy":"product_brand","embeddable":true,"href":"https:\/\/ismell.ch\/it\/wp-json\/wp\/v2\/product_brand?post=673"},{"taxonomy":"product_cat","embeddable":true,"href":"https:\/\/ismell.ch\/it\/wp-json\/wp\/v2\/product_cat?post=673"},{"taxonomy":"product_tag","embeddable":true,"href":"https:\/\/ismell.ch\/it\/wp-json\/wp\/v2\/product_tag?post=673"}],"curies":[{"name":"wp","href":"https:\/\/api.w.org\/{rel}","templated":true}]}}