{"id":3987,"date":"2025-09-22T18:53:00","date_gmt":"2025-09-22T16:53:00","guid":{"rendered":"https:\/\/ismell.ch\/?post_type=product&#038;p=3987"},"modified":"2026-01-01T11:48:03","modified_gmt":"2026-01-01T10:48:03","slug":"smart-car-aroma-diffuser","status":"publish","type":"product","link":"https:\/\/ismell.ch\/it\/product\/smart-car-aroma-diffuser\/","title":{"rendered":"Smart Car Aroma Diffusore"},"content":{"rendered":"<p>Lo Smart Car Aroma Diffuser \u00e8 il compagno di viaggio ideale per un viaggio pi\u00f9 fresco e rilassante. \u00c8 dotato di una pompa d'aria di alta qualit\u00e0, \u00e8 compatibile con tutti gli oli essenziali e le miscele profumate e diffonde i vostri profumi preferiti in modo uniforme in tutto il veicolo.<\/p>\n<p>Il suo sensore di vibrazione intelligente assicura che il diffusore si accenda automaticamente non appena l'auto parte e si spenga dopo 60 secondi di inattivit\u00e0, in modo da non sprecare n\u00e9 profumo n\u00e9 durata della batteria. Con tre livelli di nebulizzazione e una batteria a basso consumo energetico, offre il perfetto equilibrio tra prestazioni e comfort.<\/p>\n<p>Caratteristiche principali:<br \/>\n\u2022 Pompa ad aria integrata: per una diffusione uniforme della fragranza con qualsiasi tipo di olio.<br \/>\n\u2022Tre livelli di nebulizzazione: scegliete tra cicli di nebulizzazione di 3, 6 o 9 secondi, seguiti da una pausa di 60 secondi.<br \/>\n\u2022Sensore di vibrazione intelligente: si accende automaticamente quando l'auto \u00e8 in movimento; entra in modalit\u00e0 standby dopo 60 secondi di inattivit\u00e0.<br \/>\n\u2022Design portatile: leggero e compatto, si adatta a qualsiasi interno dell'auto.<br \/>\n\u2022Batteria ricaricabile: 250 mAh agli ioni di litio polimero con ricarica USB per una maggiore comodit\u00e0.<\/p>\n<p>Dati tecnici<br \/>\n\u2022Modello: CZ-05<br \/>\n\u2022Tensione di ingresso: 5 V<br \/>\n\u2022Potenza: 2 W<br \/>\n\u2022Capacit\u00e0 batteria: 250 mAh agli ioni di litio polimero<br \/>\n\u2022Dimensioni del prodotto: 58,2 \u00d7 55 \u00d7 76,7 mm<br \/>\n\u2022Peso netto: 110 \u00b1 5 g<br \/>\n\u2022Materiale: polipropilene (PP)<\/p>\n<p>&nbsp;<\/p>","protected":false},"excerpt":{"rendered":"<p>Un diffusore  automatico compatto e intelligente per oli essenziali puri e miscele aromatiche. Con rilevamento automatico delle vibrazioni, tre livelli di nebulizzazione e un design elegante e ricaricabile, garantisce freschezza e comfort nella tua auto in ogni momento.<br \/>\n<a href=\"https:\/\/ismell.ch\/wp-content\/uploads\/2025\/09\/Product-Parameter-for-car-diffusersnew-one2025.9.10.pdf\"><img loading=\"lazy\" decoding=\"async\" class=\"alignleft wp-image-1131 size-full\" src=\"https:\/\/ismell.ch\/wp-content\/uploads\/2024\/12\/Instructions-Manual.png\" alt=\"\" width=\"204\" height=\"60\" srcset=\"https:\/\/ismell.ch\/wp-content\/uploads\/2024\/12\/Instructions-Manual.png 204w, https:\/\/ismell.ch\/wp-content\/uploads\/2024\/12\/Instructions-Manual-200x59.png 200w\" sizes=\"auto, (max-width: 204px) 100vw, 204px\" \/><\/a><\/p>","protected":false},"featured_media":3991,"comment_status":"open","ping_status":"closed","template":"","meta":{"CBBTypography":[]},"product_brand":[],"product_cat":[24],"product_tag":[],"class_list":{"0":"post-3987","1":"product","2":"type-product","3":"status-publish","4":"has-post-thumbnail","6":"product_cat-diffusoren","8":"first","9":"instock","10":"shipping-taxable","11":"purchasable","12":"product-type-simple"},"jetpack_sharing_enabled":true,"_links":{"self":[{"href":"https:\/\/ismell.ch\/it\/wp-json\/wp\/v2\/product\/3987","targetHints":{"allow":["GET"]}}],"collection":[{"href":"https:\/\/ismell.ch\/it\/wp-json\/wp\/v2\/product"}],"about":[{"href":"https:\/\/ismell.ch\/it\/wp-json\/wp\/v2\/types\/product"}],"replies":[{"embeddable":true,"href":"https:\/\/ismell.ch\/it\/wp-json\/wp\/v2\/comments?post=3987"}],"wp:featuredmedia":[{"embeddable":true,"href":"https:\/\/ismell.ch\/it\/wp-json\/wp\/v2\/media\/3991"}],"wp:attachment":[{"href":"https:\/\/ismell.ch\/it\/wp-json\/wp\/v2\/media?parent=3987"}],"wp:term":[{"taxonomy":"product_brand","embeddable":true,"href":"https:\/\/ismell.ch\/it\/wp-json\/wp\/v2\/product_brand?post=3987"},{"taxonomy":"product_cat","embeddable":true,"href":"https:\/\/ismell.ch\/it\/wp-json\/wp\/v2\/product_cat?post=3987"},{"taxonomy":"product_tag","embeddable":true,"href":"https:\/\/ismell.ch\/it\/wp-json\/wp\/v2\/product_tag?post=3987"}],"curies":[{"name":"wp","href":"https:\/\/api.w.org\/{rel}","templated":true}]}}