{"id":16,"date":"2022-04-28T13:50:13","date_gmt":"2022-04-28T13:50:13","guid":{"rendered":"https:\/\/startersites.io\/blocksy\/gadgets\/?page_id=16"},"modified":"2025-04-03T21:16:56","modified_gmt":"2025-04-03T19:16:56","slug":"uber-uns","status":"publish","type":"page","link":"https:\/\/ismell.ch\/it\/uber-uns\/","title":{"rendered":"Chi Siamo"},"content":{"rendered":"\n<div class=\"wp-block-stackable-columns alignfull stk-block-columns stk-block stk-2b0ea27 stk-block-background\" data-block-id=\"2b0ea27\"><style>.stk-2b0ea27 {background-color:var(--theme-palette-color-4, #111518) !important;padding-top:200px !important;padding-bottom:100px !important;margin-bottom:0px !important;}.stk-2b0ea27:before{background-color:var(--theme-palette-color-4, #111518) !important;}@media screen and (max-width:999px){.stk-2b0ea27 {padding-top:150px !important;}}<\/style><div class=\"stk-row stk-inner-blocks has-text-align-center stk-block-content stk-content-align stk-2b0ea27-column\">\n<div class=\"wp-block-stackable-column stk-block-column stk-column stk-block stk-7ac51ec\" data-v=\"4\" data-block-id=\"7ac51ec\"><style>.stk-7ac51ec-container{margin-top:0px !important;margin-right:0px !important;margin-bottom:0px !important;margin-left:0px !important;}<\/style><div class=\"stk-column-wrapper stk-block-column__content stk-container stk-7ac51ec-container stk--no-background stk--no-padding\"><div class=\"stk-block-content stk-inner-blocks stk-7ac51ec-inner-blocks\">\n\n\n\n<div class=\"wp-block-stackable-heading stk-block-heading stk-block-heading--v2 stk-block stk-b8fedda\" id=\"uber-uns\" data-block-id=\"b8fedda\"><style>.stk-b8fedda {margin-bottom:0px !important;}.stk-b8fedda .stk-block-heading__text{font-size:60px !important;color:var(--theme-palette-color-8, #ffffff) !important;}@media screen and (max-width:999px){.stk-b8fedda .stk-block-heading__text{font-size:40px !important;}}<\/style><h2 class=\"stk-block-heading__text has-text-color has-palette-color-8-color\">\u00dcBER UNS<\/h2><\/div>\n\n\n\n<div class=\"wp-block-stackable-spacer stk-block-spacer stk--no-padding stk-block stk-5233348\" data-block-id=\"5233348\"><style>.stk-5233348 {height:40px !important;}<\/style><\/div>\n<\/div><\/div><\/div>\n<\/div><\/div>\n\n\n\n<div class=\"wp-block-stackable-columns alignfull stk-block-columns stk-block stk-d0e3012 stk-block-background\" data-block-id=\"d0e3012\"><style>.stk-d0e3012 {background-color:#181c1f !important;border-top-left-radius:0px !important;border-top-right-radius:0px !important;border-bottom-right-radius:0px !important;border-bottom-left-radius:0px !important;overflow:hidden !important;box-shadow:none !important;align-items:center !important;padding-top:25px !important;padding-right:100px !important;padding-bottom:25px !important;padding-left:100px !important;margin-top:-100px !important;margin-bottom:0px !important;display:flex !important;}.stk-d0e3012:before{background-color:#181c1f !important;}.stk-d0e3012-column{--stk-column-gap:35px !important;row-gap:50px !important;}@media screen and (max-width:999px){.stk-d0e3012 {padding-top:40px !important;padding-right:40px !important;padding-bottom:40px !important;padding-left:40px !important;}}@media screen and (max-width:689px){.stk-d0e3012 {padding-top:20px !important;padding-right:20px !important;padding-bottom:20px !important;padding-left:20px !important;}}<\/style><div class=\"stk-row stk-inner-blocks stk-block-content stk-content-align stk-d0e3012-column alignfull\">\n<div class=\"wp-block-stackable-column stk-block-column stk-column stk-block stk-d072efa\" data-v=\"4\" data-block-id=\"d072efa\"><style>.stk-d072efa-container{margin-top:0px !important;margin-right:0px !important;margin-bottom:0px !important;margin-left:0px !important;padding-top:0px !important;padding-right:0px !important;padding-bottom:0px !important;padding-left:0px !important;}.stk-d072efa {align-self:flex-start !important;overflow:hidden !important;padding-top:0px !important;padding-right:0px !important;padding-bottom:0px !important;padding-left:0px !important;margin-top:0px !important;margin-right:0px !important;margin-bottom:0px !important;margin-left:0px !important;}@media screen and (min-width:690px){.stk-d072efa {flex:var(--stk-flex-grow, 1) 1 calc(30% - var(--stk-column-gap, 0px) * 1 \/ 2 ) !important;}}@media screen and (min-width:690px) and (max-width:999px){.stk-d072efa {flex:var(--stk-flex-grow, 1) 1 calc(100% - var(--stk-column-gap, 0px) * 0 \/ 1 ) !important;}}<\/style><div class=\"stk-column-wrapper stk-block-column__content stk-container stk-d072efa-container stk--no-background stk--no-padding\"><div class=\"has-text-align-right stk-block-content stk-inner-blocks stk-d072efa-inner-blocks\">\n<div class=\"wp-block-stackable-image stk-block-image stk-block stk-4a0e63a\" data-block-id=\"4a0e63a\"><style>.stk-4a0e63a .stk-img-wrapper{width:100% !important;filter:drop-shadow(none) !important;--stk-gradient-overlay:0.3 !important;}.stk-4a0e63a .stk-img-wrapper img{transform:scale(0.5) !important;border-radius:0px !important;}@media screen and (max-width:999px){.stk-4a0e63a .stk-img-wrapper{width:100% !important;}}@media screen and (max-width:689px){.stk-4a0e63a .stk-img-wrapper{width:100% !important;height:100% !important;}}<\/style><figure><span class=\"stk-img-wrapper stk-image--shape-stretch stk--shadow-none\"><img loading=\"lazy\" decoding=\"async\" class=\"stk-img wp-image-2056\" src=\"https:\/\/ismell.ch\/wp-content\/uploads\/2025\/03\/ismell-logo-final-White.png\" width=\"1169\" height=\"459\" srcset=\"https:\/\/ismell.ch\/wp-content\/uploads\/2025\/03\/ismell-logo-final-White.png 1169w, https:\/\/ismell.ch\/wp-content\/uploads\/2025\/03\/ismell-logo-final-White-300x118.png 300w, https:\/\/ismell.ch\/wp-content\/uploads\/2025\/03\/ismell-logo-final-White-1024x402.png 1024w, https:\/\/ismell.ch\/wp-content\/uploads\/2025\/03\/ismell-logo-final-White-768x302.png 768w, https:\/\/ismell.ch\/wp-content\/uploads\/2025\/03\/ismell-logo-final-White-18x7.png 18w, https:\/\/ismell.ch\/wp-content\/uploads\/2025\/03\/ismell-logo-final-White-200x79.png 200w, https:\/\/ismell.ch\/wp-content\/uploads\/2025\/03\/ismell-logo-final-White-500x196.png 500w, https:\/\/ismell.ch\/wp-content\/uploads\/2025\/03\/ismell-logo-final-White-600x236.png 600w\" sizes=\"auto, (max-width: 1169px) 100vw, 1169px\" \/><\/span><\/figure><\/div>\n<\/div><\/div><\/div>\n\n\n\n<div class=\"wp-block-stackable-column stk-block-column stk-column stk-block stk-32a7258\" data-v=\"4\" data-block-id=\"32a7258\"><style>.stk-32a7258 {align-self:center !important;}@media screen and (min-width:690px){.stk-32a7258 {flex:var(--stk-flex-grow, 1) 1 calc(70% - var(--stk-column-gap, 0px) * 1 \/ 2 ) !important;}}@media screen and (min-width:690px) and (max-width:999px){.stk-32a7258 {flex:var(--stk-flex-grow, 1) 1 calc(100% - var(--stk-column-gap, 0px) * 0 \/ 1 ) !important;}}<\/style><div class=\"stk-column-wrapper stk-block-column__content stk-container stk-32a7258-container stk--no-background stk--no-padding\"><div class=\"stk-block-content stk-inner-blocks stk-32a7258-inner-blocks\">\n<p><span style=\"color: var(--theme-palette-color-7, #FBFBFC);\" class=\"stk-highlight\">ismell ist ein Unternehmen, das es sich zur Aufgabe gemacht hat, Luxus und die raffiniertesten D\u00fcfte in Ihr Zuhause zu bringen. Unser 2024 gegr\u00fcndetes Unternehmen bietet Aromadiffusoren auf h\u00f6chstem Niveau an, die sich mit Ihrem allt\u00e4glichen Stil und Ihrer Eleganz verbinden lassen.<\/span><\/p>\n\n\n\n<p><span style=\"color: var(--theme-palette-color-8, #ffffff);\" class=\"stk-highlight\">Dieses Projekt ist neu, aber das Team hinter ismell hat \u00fcber 10 Jahre Erfahrung in der Parf\u00fcmindustrie. Dieser professionelle Hintergrund erm\u00f6glicht es uns, nur die hochwertigsten und einzigartigsten D\u00fcfte f\u00fcr unsere Kunden auszuw\u00e4hlen und anzubieten.<\/span><\/p>\n\n\n\n<p><span style=\"color: #ffffff;\" class=\"stk-highlight\">Unsere Mission ist es, Ihre R\u00e4ume durch die Kraft luxuri\u00f6ser Diffusoren in Orte zu verwandeln, die von harmonischen und angenehmen Aromen erf\u00fcllt sind. Mit ismell wird jeder Moment zu einem unvergesslichen Erlebnis!<\/span><\/p>\n\n\n\n<p><span style=\"color: var(--theme-palette-color-7, #FBFBFC);\" class=\"stk-highlight\">Wir laden Sie ein, unsere Kollektion zu erkunden und zu entdecken, warum ismell ein Synonym f\u00fcr Eleganz und Qualit\u00e4t ist.<\/span><\/p>\n<\/div><\/div><\/div>\n<\/div><\/div>\n\n\n\n<div class=\"wp-block-stackable-columns alignfull stk-block-columns stk-block stk-28c55c3 stk-block-background\" data-block-id=\"28c55c3\"><style>.stk-28c55c3 {background-color:var(--theme-palette-color-4, #111518) !important;padding-top:120px !important;padding-bottom:120px !important;margin-bottom:0px !important;}.stk-28c55c3:before{background-color:var(--theme-palette-color-4, #111518) !important;}@media screen and (max-width:999px){.stk-28c55c3 {padding-top:80px !important;padding-bottom:80px !important;}}@media screen and (max-width:689px){.stk-28c55c3 {padding-top:60px !important;padding-bottom:60px !important;}}<\/style><div class=\"stk-row stk-inner-blocks stk-block-content stk-content-align stk-28c55c3-column\">\n<div class=\"wp-block-stackable-column stk-block-column stk-column stk-block stk-ab0628c ct-subscribe-form\" data-v=\"4\" data-block-id=\"ab0628c\"><style>.stk-ab0628c-container{margin-top:0px !important;margin-right:auto !important;margin-bottom:0px !important;margin-left:auto !important;max-width:800px !important;min-width:auto !important;}<\/style><div class=\"stk-column-wrapper stk-block-column__content stk-container stk-ab0628c-container stk--no-background stk--no-padding\"><div class=\"stk-block-content stk-inner-blocks stk-ab0628c-inner-blocks\">\n<div class=\"wp-block-stackable-heading stk-block-heading stk-block-heading--v2 stk-block stk-30c77b7\" id=\"abonnieren-sie-unseren-newsletter-erhalten-sie-10-rabatt-und-gehoren-sie-zu-den-ersten-die-von-unseren-aktionen-und-neuheiten-erfahren\" data-block-id=\"30c77b7\"><style>.stk-30c77b7 {margin-bottom:40px !important;}.stk-30c77b7 .stk-block-heading__text{color:var(--theme-palette-color-8, #ffffff) !important;}@media screen and (max-width:999px){.stk-30c77b7 {margin-bottom:30px !important;}.stk-30c77b7 .stk-block-heading__text{font-size:30px !important;}}@media screen and (max-width:689px){.stk-30c77b7 .stk-block-heading__text{font-size:25px !important;}}<\/style><h5 class=\"stk-block-heading__text has-text-color has-palette-color-8-color has-text-align-center\">Abonnieren Sie unseren Newsletter, erhalten Sie 10% Rabatt und geh\u00f6ren Sie zu den Ersten, die von unseren Aktionen und Neuheiten erfahren.<\/h5><\/div>\n\n\n  \n  \n  <div class=\"\n    mailpoet_form_popup_overlay\n      \"><\/div>\n  <div\n    id=\"mailpoet_form_3\"\n    class=\"\n      mailpoet_form\n      mailpoet_form_html\n      mailpoet_form_position_\n      mailpoet_form_animation_\n    \"\n      >\n\n    <style type=\"text\/css\">\n     #mailpoet_form_3 .mailpoet_form {  }\n#mailpoet_form_3 .mailpoet_column_with_background { padding: 10px; }\n#mailpoet_form_3 .mailpoet_form_column:not(:first-child) { margin-left: 20px; }\n#mailpoet_form_3 .mailpoet_paragraph { line-height: 20px; margin-bottom: 20px; }\n#mailpoet_form_3 .mailpoet_segment_label, #mailpoet_form_3 .mailpoet_text_label, #mailpoet_form_3 .mailpoet_textarea_label, #mailpoet_form_3 .mailpoet_select_label, #mailpoet_form_3 .mailpoet_radio_label, #mailpoet_form_3 .mailpoet_checkbox_label, #mailpoet_form_3 .mailpoet_list_label, #mailpoet_form_3 .mailpoet_date_label { display: block; font-weight: normal; }\n#mailpoet_form_3 .mailpoet_text, #mailpoet_form_3 .mailpoet_textarea, #mailpoet_form_3 .mailpoet_select, #mailpoet_form_3 .mailpoet_date_month, #mailpoet_form_3 .mailpoet_date_day, #mailpoet_form_3 .mailpoet_date_year, #mailpoet_form_3 .mailpoet_date { display: block; }\n#mailpoet_form_3 .mailpoet_text, #mailpoet_form_3 .mailpoet_textarea { width: 200px; }\n#mailpoet_form_3 .mailpoet_checkbox {  }\n#mailpoet_form_3 .mailpoet_submit {  }\n#mailpoet_form_3 .mailpoet_divider {  }\n#mailpoet_form_3 .mailpoet_message {  }\n#mailpoet_form_3 .mailpoet_form_loading { width: 30px; text-align: center; line-height: normal; }\n#mailpoet_form_3 .mailpoet_form_loading > span { width: 5px; height: 5px; background-color: #5b5b5b; }#mailpoet_form_3{border-radius: 0px;text-align: left;}#mailpoet_form_3 form.mailpoet_form {padding: 20px;}#mailpoet_form_3{width: 100%;}#mailpoet_form_3 .mailpoet_message {margin: 0; padding: 0 20px;}#mailpoet_form_3 .mailpoet_paragraph.last {margin-bottom: 0} @media (max-width: 500px) {#mailpoet_form_3 {background-image: none;}} @media (min-width: 500px) {#mailpoet_form_3 .last .mailpoet_paragraph:last-child {margin-bottom: 0}}  @media (max-width: 500px) {#mailpoet_form_3 .mailpoet_form_column:last-child .mailpoet_paragraph:last-child {margin-bottom: 0}} \n    <\/style>\n\n    <form\n      target=\"_self\"\n      method=\"post\"\n      action=\"https:\/\/ismell.ch\/wp-admin\/admin-post.php?action=mailpoet_subscription_form\"\n      class=\"mailpoet_form mailpoet_form_form mailpoet_form_html\"\n      novalidate\n      data-delay=\"\"\n      data-exit-intent-enabled=\"\"\n      data-font-family=\"\"\n      data-cookie-expiration-time=\"\"\n    >\n      <input type=\"hidden\" name=\"data[form_id]\" value=\"3\" \/>\n      <input type=\"hidden\" name=\"token\" value=\"f9bb8bc98a\" \/>\n      <input type=\"hidden\" name=\"api_version\" value=\"v1\" \/>\n      <input type=\"hidden\" name=\"endpoint\" value=\"subscribers\" \/>\n      <input type=\"hidden\" name=\"mailpoet_method\" value=\"subscribe\" \/>\n\n      <label class=\"mailpoet_hp_email_label\" style=\"display: none !important;\">Lascia questo campo vuoto<input type=\"email\" name=\"data[email]\"\/><\/label><div class=\"mailpoet_paragraph \"><style>input[name=\"data[form_field_ZGFlYjZhZTI3NWJlX2VtYWls]\"]::placeholder{color:#000000;opacity: 1;}<\/style><input type=\"email\" autocomplete=\"email\" class=\"mailpoet_text\" id=\"form_email_3\" name=\"data[form_field_ZGFlYjZhZTI3NWJlX2VtYWls]\" title=\"Email Addresse\" value=\"\" style=\"width:100%;box-sizing:border-box;background-color:#ffffff;border-style:solid;border-radius:10px !important;border-width:2px;border-color:#5b38ed;padding:5px;margin: 0 auto 0 0;color:#000000;\" data-automation-id=\"form_email\"  placeholder=\"Email Addresse *\" aria-label=\"Email Addresse *\" data-parsley-errors-container=\".mailpoet_error_b8dea\" data-parsley-required=\"true\" required aria-required=\"true\" data-parsley-minlength=\"6\" data-parsley-maxlength=\"150\" data-parsley-type-message=\"Questo valore dovrebbe essere un indirizzo email valido.\" data-parsley-required-message=\"Questo campo \u00e8 obbligatorio.\"\/><span class=\"mailpoet_error_b8dea\"><\/span><\/div>\n<div class=\"mailpoet_paragraph \"><input type=\"submit\" class=\"mailpoet_submit\" value=\"Abonnieren!\" data-automation-id=\"subscribe-submit-button\" style=\"width:100%;box-sizing:border-box;background-color:#5b38ed;border-style:solid;border-radius:10px !important;border-width:2px;border-color:#5b38ed;padding:5px;margin: 0 auto 0 0;color:#ffffff;\" \/><span class=\"mailpoet_form_loading\"><span class=\"mailpoet_bounce1\"><\/span><span class=\"mailpoet_bounce2\"><\/span><span class=\"mailpoet_bounce3\"><\/span><\/span><\/div>\n\n      <div class=\"mailpoet_message\">\n        <p class=\"mailpoet_validate_success\"\n                style=\"display:none;\"\n                >You\u2019ve been successfully subscribed to our newsletter!\n        <\/p>\n        <p class=\"mailpoet_validate_error\"\n                style=\"display:none;\"\n                >        <\/p>\n      <\/div>\n    <\/form>\n\n      <\/div>\n\n  <\/div><\/div><\/div>\n<\/div><\/div>\n\n\n\n<p><\/p>\n","protected":false},"excerpt":{"rendered":"<p>\u00dcBER UNS ismell ist ein Unternehmen, das es sich zur Aufgabe gemacht hat, Luxus und die raffiniertesten D\u00fcfte in Ihr Zuhause zu bringen. Unser 2024 gegr\u00fcndetes Unternehmen bietet Aromadiffusoren auf h\u00f6chstem Niveau an, die sich mit Ihrem allt\u00e4glichen Stil und Ihrer Eleganz verbinden lassen. Dieses Projekt ist neu, aber das Team hinter ismell hat \u00fcber [&hellip;]<\/p>\n","protected":false},"author":1,"featured_media":0,"parent":0,"menu_order":0,"comment_status":"closed","ping_status":"closed","template":"","meta":{"CBBTypography":[],"footnotes":""},"class_list":["post-16","page","type-page","status-publish","hentry"],"blocksy_meta":{"page_title_panel":"","has_hero_section":"disabled","e526bf15e511397327c0ea7c622e70d5":"","hero_section":"type-1","hero_elements":[{"id":"custom_title","enabled":true,"heading_tag":"h1","title":"Home"},{"id":"custom_description","enabled":true,"description_visibility":{"desktop":true,"tablet":true,"mobile":false}},{"id":"custom_meta","enabled":false,"meta_elements":[{"id":"author","enabled":true,"label":"By","has_author_avatar":"yes","avatar_size":25},{"id":"post_date","enabled":true,"label":"On","date_format_source":"default","date_format":"M j, Y"},{"id":"updated_date","enabled":false,"label":"On","date_format_source":"default","date_format":"M j, Y"},{"id":"categories","enabled":false,"label":"In","style":"simple"},{"id":"comments","enabled":true}],"page_meta_elements":{"joined":true,"articles_count":true,"comments":true}},{"id":"breadcrumbs","enabled":false}],"e215eb52d97ca5ebf9ff3868ffff48c4":"","hero_alignment1":"CT_CSS_SKIP_RULE","hero_margin":40,"hero_alignment2":"center","hero_vertical_alignment":"center","9ab8835f9687c382b8c48ee74eb290b1":"","hero_structure":"narrow","9fcb5372e27f299ebb25c8a4aba6c935":"","page_title_bg_type":"featured_image","custom_hero_background":{"attachment_id":null},"page_title_image_size":"full","parallax":{"desktop":false,"tablet":false,"mobile":false},"a6bd30db6f7128ca14dd777aa48118ec":"","hero_height":"250px","pageTitleFont":{"family":"Default","variation":"Default","size":"30px","line-height":"CT_CSS_SKIP_RULE","letter-spacing":"CT_CSS_SKIP_RULE","text-transform":"CT_CSS_SKIP_RULE","text-decoration":"CT_CSS_SKIP_RULE"},"pageTitleFontColor":{"default":{"color":"CT_CSS_SKIP_RULEDEFAULT"}},"pageMetaFont":{"family":"Default","variation":"n6","size":"12px","line-height":"1.3","letter-spacing":"CT_CSS_SKIP_RULE","text-transform":"uppercase","text-decoration":"CT_CSS_SKIP_RULE"},"pageMetaFontColor":{"default":{"color":"CT_CSS_SKIP_RULEDEFAULT"},"hover":{"color":"CT_CSS_SKIP_RULEDEFAULT"}},"page_meta_button_type_font_colors":{"default":{"color":"CT_CSS_SKIP_RULEDEFAULT"},"hover":{"color":"CT_CSS_SKIP_RULEDEFAULT"}},"page_meta_button_type_background_colors":{"default":{"color":"CT_CSS_SKIP_RULEDEFAULT"},"hover":{"color":"CT_CSS_SKIP_RULEDEFAULT"}},"pageExcerptFont":{"family":"Default","variation":"Default","size":"CT_CSS_SKIP_RULE","line-height":"CT_CSS_SKIP_RULE","letter-spacing":"CT_CSS_SKIP_RULE","text-transform":"CT_CSS_SKIP_RULE","text-decoration":"CT_CSS_SKIP_RULE"},"pageExcerptColor":{"default":{"color":"CT_CSS_SKIP_RULEDEFAULT"}},"breadcrumbsFont":{"family":"Default","variation":"Default","size":"CT_CSS_SKIP_RULE","line-height":"CT_CSS_SKIP_RULE","letter-spacing":"CT_CSS_SKIP_RULE","text-transform":"CT_CSS_SKIP_RULE","text-decoration":"CT_CSS_SKIP_RULE"},"breadcrumbsFontColor":{"default":{"color":"CT_CSS_SKIP_RULEDEFAULT"},"initial":{"color":"CT_CSS_SKIP_RULEDEFAULT"},"hover":{"color":"CT_CSS_SKIP_RULEDEFAULT"}},"pageTitleOverlay":{"background_type":"color","background_pattern":"type-1","background_image":{"attachment_id":null,"x":0,"y":0},"gradient":"linear-gradient(135deg,rgba(6,147,227,1) 0%,rgb(155,81,224) 100%)","background_repeat":"repeat","background_size":"auto","background_attachment":"scroll","patternColor":{"default":{"color":"#e5e7ea"}},"overlayColor":{"default":{"color":"CT_CSS_SKIP_RULE"}},"backgroundColor":{"default":{"color":"CT_CSS_SKIP_RULE"}}},"pageTitleBackground":{"background_type":"color","background_pattern":"type-1","background_image":{"attachment_id":null,"x":0,"y":0},"gradient":"linear-gradient(135deg,rgba(6,147,227,1) 0%,rgb(155,81,224) 100%)","background_repeat":"repeat","background_size":"auto","background_attachment":"scroll","patternColor":{"default":{"color":"#e5e7ea"}},"overlayColor":{"default":{"color":"CT_CSS_SKIP_RULE"}},"backgroundColor":{"default":{"color":"var(--theme-palette-color-6)"}}},"pageTitlePadding":{"top":"50px","bottom":"50px","left":"auto","right":"auto","linked":true},"17dd88181336b93c39910ae374bba20f":"","page_structure_type":"default","dc61af32236be1bc5ecce3249dcc2da4":"","content_style_source":"inherit","content_style":"wide","vertical_spacing_source":"custom","content_area_spacing":"none","background":{"background_type":"color","background_pattern":"type-1","background_image":{"attachment_id":null,"x":0,"y":0},"gradient":"linear-gradient(135deg,rgba(6,147,227,1) 0%,rgb(155,81,224) 100%)","background_repeat":"repeat","background_size":"auto","background_attachment":"scroll","patternColor":{"default":{"color":"#e5e7ea"}},"overlayColor":{"default":{"color":"CT_CSS_SKIP_RULE"}},"backgroundColor":{"default":{"color":"CT_CSS_SKIP_RULE"}}},"content_background":{"background_type":"color","background_pattern":"type-1","background_image":{"attachment_id":null,"x":0,"y":0},"gradient":"linear-gradient(135deg,rgba(6,147,227,1) 0%,rgb(155,81,224) 100%)","background_repeat":"repeat","background_size":"auto","background_attachment":"scroll","patternColor":{"default":{"color":"#e5e7ea"}},"overlayColor":{"default":{"color":"CT_CSS_SKIP_RULE"}},"backgroundColor":{"default":{"color":"var(--theme-palette-color-8)"}}},"content_boxed_shadow":{"inherit":false,"blur":18,"spread":-6,"v_offset":12,"h_offset":0,"inset":false,"enable":true,"color":{"color":"rgba(34, 56, 101, 0.04)"}},"boxed_content_spacing":{"desktop":{"top":"40px","bottom":"40px","left":"40px","right":"40px","linked":true},"tablet":{"top":"35px","bottom":"35px","left":"35px","right":"35px","linked":true},"mobile":{"top":"20px","bottom":"20px","left":"20px","right":"20px","linked":true}},"content_boxed_radius":{"top":"3px","bottom":"3px","left":"3px","right":"3px","linked":true},"27df1c2ee6c2fdf36e31c6059ce1ce37":"","disable_featured_image":"no","disable_share_box":"no","disable_header":"no","disable_footer":"no","styles_descriptor":{"styles":{"desktop":"","tablet":"","mobile":""},"google_fonts":[],"version":6}},"jetpack_sharing_enabled":true,"_links":{"self":[{"href":"https:\/\/ismell.ch\/it\/wp-json\/wp\/v2\/pages\/16","targetHints":{"allow":["GET"]}}],"collection":[{"href":"https:\/\/ismell.ch\/it\/wp-json\/wp\/v2\/pages"}],"about":[{"href":"https:\/\/ismell.ch\/it\/wp-json\/wp\/v2\/types\/page"}],"author":[{"embeddable":true,"href":"https:\/\/ismell.ch\/it\/wp-json\/wp\/v2\/users\/1"}],"replies":[{"embeddable":true,"href":"https:\/\/ismell.ch\/it\/wp-json\/wp\/v2\/comments?post=16"}],"version-history":[{"count":0,"href":"https:\/\/ismell.ch\/it\/wp-json\/wp\/v2\/pages\/16\/revisions"}],"wp:attachment":[{"href":"https:\/\/ismell.ch\/it\/wp-json\/wp\/v2\/media?parent=16"}],"curies":[{"name":"wp","href":"https:\/\/api.w.org\/{rel}","templated":true}]}}