{"id":1300,"date":"2025-01-04T22:09:43","date_gmt":"2025-01-04T21:09:43","guid":{"rendered":"https:\/\/ismell.ch\/?page_id=1300"},"modified":"2025-02-05T20:07:07","modified_gmt":"2025-02-05T19:07:07","slug":"agb","status":"publish","type":"page","link":"https:\/\/ismell.ch\/it\/agb\/","title":{"rendered":"Termini e condizioni generali"},"content":{"rendered":"\n<div class=\"wp-block-stackable-columns alignfull stk-block-columns stk-block stk-2b0ea27 stk-block-background\" data-block-id=\"2b0ea27\"><style>.stk-2b0ea27 {background-color:var(--theme-palette-color-4, #111518) !important;padding-top:200px !important;padding-bottom:100px !important;margin-bottom:0px !important;}.stk-2b0ea27:before{background-color:var(--theme-palette-color-4, #111518) !important;}@media screen and (max-width:999px){.stk-2b0ea27 {padding-top:150px !important;}}<\/style><div class=\"stk-row stk-inner-blocks has-text-align-center stk-block-content stk-content-align stk-2b0ea27-column\">\n<div class=\"wp-block-stackable-column stk-block-column stk-column stk-block stk-7ac51ec\" data-v=\"4\" data-block-id=\"7ac51ec\"><style>.stk-7ac51ec-container{margin-top:0px !important;margin-right:0px !important;margin-bottom:0px !important;margin-left:0px !important;}<\/style><div class=\"stk-column-wrapper stk-block-column__content stk-container stk-7ac51ec-container stk--no-background stk--no-padding\"><div class=\"stk-block-content stk-inner-blocks stk-7ac51ec-inner-blocks\">\n<div class=\"wp-block-stackable-heading stk-block-heading stk-block-heading--v2 stk-block stk-b8fedda\" id=\"allgemeine-geschaftsbedingungen\" data-block-id=\"b8fedda\"><style>.stk-b8fedda {margin-bottom:0px !important;}.stk-b8fedda .stk-block-heading__text{font-size:60px !important;color:var(--theme-palette-color-8, #ffffff) !important;}@media screen and (max-width:999px){.stk-b8fedda .stk-block-heading__text{font-size:40px !important;}}<\/style><h1 class=\"stk-block-heading__text has-text-color has-palette-color-8-color\">Allgemeine Gesch\u00e4ftsbedingungen<\/h1><\/div>\n\n\n\n<div class=\"wp-block-stackable-spacer stk-block-spacer stk--no-padding stk-block stk-5233348\" data-block-id=\"5233348\"><style>.stk-5233348 {height:40px !important;}<\/style><\/div>\n<\/div><\/div><\/div>\n<\/div><\/div>\n\n\n\n<div class=\"wp-block-stackable-columns stk-block-columns stk-block stk-d0e3012 stk-block-background\" data-block-id=\"d0e3012\"><style>.stk-d0e3012 {background-color:var(--theme-palette-color-8, #ffffff) !important;border-radius:15px !important;overflow:hidden !important;box-shadow:0px 20px 80px 0px #c1c7d44d !important;padding-top:60px !important;padding-right:50px !important;padding-bottom:60px !important;padding-left:50px !important;margin-top:-100px !important;margin-bottom:0px !important;}.stk-d0e3012:before{background-color:var(--theme-palette-color-8, #ffffff) !important;}.stk-d0e3012-column{--stk-column-gap:30px !important;row-gap:50px !important;}<\/style><div class=\"stk-row stk-inner-blocks stk-block-content stk-content-align stk-d0e3012-column\">\n<div class=\"wp-block-stackable-column stk-block-column stk-column stk-block stk-ee50e97\" data-v=\"4\" data-block-id=\"ee50e97\"><style>.stk-ee50e97-container{margin-top:0px !important;margin-right:0px !important;margin-bottom:0px !important;margin-left:0px !important;}<\/style><div class=\"stk-column-wrapper stk-block-column__content stk-container stk-ee50e97-container stk--no-background stk--no-padding\"><div class=\"stk-block-content stk-inner-blocks stk-ee50e97-inner-blocks\">\n<p>Allgemeine Gesch\u00e4ftsbedingungen und Verbraucherinformationen im Rahmen von Kaufvertr\u00e4gen, die \u00fcber den Onlineshop zwischen www.ismell.ch &#8211; im Folgenden \u201eVerk\u00e4ufer\u201c &#8211; und dem Kunden &#8211; im Folgenden \u201eKunde\u201c &#8211; geschlossen werden.<\/p>\n\n\n\n<p><strong>\u00a7 1 Geltungsbereich und allgemeine Hinweise<\/strong><\/p>\n\n\n\n<p>(1) Vorbehaltlich individueller Absprachen und Vereinbarungen, die Vorrang vor diesen AGB haben, gelten f\u00fcr die Gesch\u00e4ftsbeziehung zwischen dem Verk\u00e4ufer und dem Kunden ausschlie\u00dflich die nachfolgenden Allgemeinen Gesch\u00e4ftsbedingungen. Soweit nichts anderes vereinbart, wird der Einbeziehung von eigenen Bedingungen des Kunden widersprochen.<\/p>\n\n\n\n<p>(2) Der Kunde ist Verbraucher, soweit er den Vertrag zu Zwecken abschlie\u00dft, die \u00fcberwiegend weder seiner gewerblichen noch seiner selbst\u00e4ndigen beruflichen T\u00e4tigkeit zugerechnet werden k\u00f6nnen. Dagegen ist Unternehmer jede nat\u00fcrliche oder juristische Person oder eine rechtsf\u00e4hige Personengesellschaft, die bei Abschluss eines Rechtsgesch\u00e4fts in Aus\u00fcbung ihrer gewerblichen oder selbst\u00e4ndigen beruflichen T\u00e4tigkeit handelt.<\/p>\n\n\n\n<p><strong>\u00a7 2 Vertragsschluss<\/strong><\/p>\n\n\n\n<p>(1) Der Vertrag kommt zustande mit:<\/p>\n\n\n\n<p><strong>ismell GmbH, <\/strong><a href=\"mailto:Info@ismell.ch\"><strong>Info@ismell.ch<\/strong><\/a><strong>, Aubrigstrasse 5, 8804, Au ZH<\/strong><\/p>\n\n\n\n<p>(2) Die wesentlichen Merkmale der Ware ergeben sich aus der jeweiligen vom Verk\u00e4ufer eingestellten Produktbeschreibung.<\/p>\n\n\n\n<p>(3) S\u00e4mtliche Angebote in dem Onlineshop des Verk\u00e4ufers stellen lediglich eine unverbindliche Einladung an den Kunden dar, dem Verk\u00e4ufer ein entsprechendes Kaufangebot zu unterbreiten. Sobald der Verk\u00e4ufer die Bestellung des Kunden erhalten hat, wird dem Kunde zun\u00e4chst eine Best\u00e4tigung \u00fcber den seiner Bestellung beim Verk\u00e4ufer zugesandt, in der Regel per E-Mail (Bestellbest\u00e4tigung). Die Bestellbest\u00e4tigung stellt noch nicht die Annahme der Bestellung dar. Nach Eingang der Bestellung des Kunden wird der Verk\u00e4ufer diese kurzfristig pr\u00fcfen und dem Kunden innerhalb von 2 Werktagen mitteilen, ob er die Bestellung annimmt (Auftragsbest\u00e4tigung). Der Bestellvorgang in dem Onlineshop des Verk\u00e4ufers funktioniert wie folgt:<\/p>\n\n\n\n<p>(4) Der Kunde kann aus dem Sortiment des Verk\u00e4ufers Produkte ausw\u00e4hlen und diese \u00fcber den Button \u201eIn den Korb\u201c in einem so genannten Warenkorb sammeln. Durch Klick auf den Button \u201eWarenkorb\u201c erh\u00e4lt der Kunde einen \u00dcberblick \u00fcber die ausgew\u00e4hlten Produkte. \u00dcber den Button \u201eJetzt kaufen\u201c gibt er einen verbindlichen Antrag zum Kauf der im Warenkorb befindlichen Waren ab. Vor Absenden der Bestellung kann der Kunde die Daten jederzeit durch die als Pfeiltasten dargestellten Browserfunktionen \u201eZur\u00fcck\u201c und \u201eWeiter\u201c die eingegebene Bestellung sowie die eingetragenen Daten \u00e4ndern und einsehen. Der Antrag kann nur abgegeben und \u00fcbermittelt werden, wenn der Kunde durch Klicken auf den Button \u201eJetzt Bestellen\u201c diese Vertragsbedingungen akzeptiert und dadurch in seinen Antrag aufgenommen hat. Der Verk\u00e4ufer schickt daraufhin dem Kunden eine automatische Empfangsbest\u00e4tigung per E-Mail zu, in welcher die Bestellung des Kunden nochmals aufgef\u00fchrt wird<\/p>\n\n\n\n<p>und die der Kunde \u00fcber die Funktion \u201eDrucken\u201c ausdrucken kann. Die automatische Empfangsbest\u00e4tigung dokumentiert lediglich, dass die Bestellung des Kunden beim Verk\u00e4ufer eingegangen ist und stellt keine Annahme des Antrags dar. Der Vertrag kommt erst durch die Abgabe der Annahmeerkl\u00e4rung durch den Verk\u00e4ufer zustande, die mit einer gesonderten E-Mail versandt wird.<\/p>\n\n\n\n<p><strong>\u00a7 3 Vertragsgegenstand, Beschaffenheit, Lieferung, Warenverf\u00fcgbarkeit<\/strong><\/p>\n\n\n\n<p>(1) Vertragsgegenstand sind die im Rahmen der Bestellung vom Kunden spezifizierten und der Bestell- und\/oder Auftragsbest\u00e4tigung genannten Waren und Dienstleistungen zu den im Onlineshop genannten Endpreisen. Fehler und Irrt\u00fcmer dort sind vorbehalten, insbesondere was die Warenverf\u00fcgbarkeit betrifft.<\/p>\n\n\n\n<p>(2) Die Beschaffenheit der bestellten Waren ergibt sich aus den Produktbeschreibungen im Onlineshop. Abbildungen auf der Internetseite geben die Produkte unter Umst\u00e4nden nur ungenau wieder; insbesondere Farben k\u00f6nnen aus technischen Gr\u00fcnden erheblich abweichen. Bilder dienen lediglich als Anschauungsmaterial und k\u00f6nnen vom Produkt abweichen. Technische Daten, Gewichts-, Mass und Leistungsbeschreibung sind so pr\u00e4zise wie m\u00f6glich angegeben, k\u00f6nnen aber die \u00fcblichen Abweichungen aufweisen. Die hier beschriebenen Eigenschaften stellen keine M\u00e4ngel der vom Verk\u00e4ufer gelieferten Produkte dar.<\/p>\n\n\n\n<p>(3) Sind zum Zeitpunkt der Bestellung des Kunden keine Exemplare des von ihm ausgew\u00e4hlten Produkts verf\u00fcgbar, so teilt der Verk\u00e4ufer dem Kunden dies in der Auftragsbest\u00e4tigung mit. Ist das Produkt dauerhaft nicht lieferbar, sieht der Verk\u00e4ufer von einer Annahmeerkl\u00e4rung ab. Ein Vertrag kommt in diesem Fall nicht zustande.<\/p>\n\n\n\n<p>(4) Ist das vom Kunden in der Bestellung bezeichnete Produkt nur vor\u00fcbergehend nicht verf\u00fcgbar, teilt der Verk\u00e4ufer dem Kunden dies ebenfalls unverz\u00fcglich in der Auftragsbest\u00e4tigung mit.<\/p>\n\n\n\n<p><strong>\u00a7 4 Lieferung, Preise, Versandkosten<\/strong><\/p>\n\n\n\n<p>(1) Die Auslieferung an das Versandunternehmen erfolgt sp\u00e4testens zwei Tage nach Geldeingang. Die Lieferzeit betr\u00e4gt zwischen 3 \u2013 5 Arbeitstage.<\/p>\n\n\n\n<p>(1.2) Bitte die Lieferverz\u00f6gerung beachten (Versandbedingungen), bei Ausverkauften Produkten verz\u00f6gert sich die Lieferzeit um bis zu 1-2 Wochen.<\/p>\n\n\n\n<p>(2) Die Lieferung erfolgt nur innerhalb der Schweiz.<\/p>\n\n\n\n<p>(3) Alle Artikelpreise enthalten die gesetzliche Mehrwertsteuer. Die angegebenen Preise sind Endverkaufspreise Exklusive Versandkosten. Der Kunde erh\u00e4lt eine Rechnung mit ausgewiesener Mehrwertsteuer und separaten Versandkosten geb\u00fchren.<\/p>\n\n\n\n<p><strong>\u00a7 5 Zahlung<\/strong><\/p>\n\n\n\n<p>Die Zahlung erfolgt ausschlie\u00dflich per Vorkasse \u00fcber die im Online-Shop angegebenen Zahlungsm\u00f6glichkeiten. Hier einige Zahlungsmethoden:<\/p>\n\n\n\n<p>&nbsp;&nbsp;&nbsp;&nbsp;&nbsp;&nbsp;&nbsp;&nbsp;&nbsp;&nbsp;&nbsp;&nbsp;&nbsp;&nbsp;&nbsp; \u2022&nbsp;&nbsp;&nbsp;&nbsp;&nbsp;&nbsp;&nbsp;&nbsp;&nbsp;&nbsp;&nbsp;&nbsp;&nbsp; PayPal<\/p>\n\n\n\n<p>&nbsp;&nbsp;&nbsp;&nbsp;&nbsp;&nbsp;&nbsp;&nbsp;&nbsp;&nbsp;&nbsp;&nbsp;&nbsp;&nbsp;&nbsp; \u2022&nbsp;&nbsp;&nbsp;&nbsp;&nbsp;&nbsp;&nbsp;&nbsp;&nbsp;&nbsp;&nbsp;&nbsp;&nbsp; \u00dcberweisung<\/p>\n\n\n\n<p>&nbsp;&nbsp;&nbsp;&nbsp;&nbsp;&nbsp;&nbsp;&nbsp;&nbsp;&nbsp;&nbsp;&nbsp;&nbsp;&nbsp;&nbsp; \u2022&nbsp;&nbsp;&nbsp;&nbsp;&nbsp;&nbsp;&nbsp;&nbsp;&nbsp;&nbsp;&nbsp;&nbsp;&nbsp; Kreditkarte<\/p>\n\n\n\n<p>&nbsp;&nbsp;&nbsp;&nbsp;&nbsp;&nbsp;&nbsp;&nbsp;&nbsp;&nbsp;&nbsp;&nbsp;&nbsp;&nbsp;&nbsp; \u2022&nbsp;&nbsp;&nbsp;&nbsp;&nbsp;&nbsp;&nbsp;&nbsp;&nbsp;&nbsp;&nbsp;&nbsp;&nbsp; Twint<\/p>\n\n\n\n<p>&nbsp;&nbsp;&nbsp;&nbsp;&nbsp;&nbsp;&nbsp;&nbsp;&nbsp;&nbsp;&nbsp;&nbsp;&nbsp;&nbsp;&nbsp; \u2022&nbsp;&nbsp;&nbsp;&nbsp;&nbsp;&nbsp;&nbsp;&nbsp;&nbsp;&nbsp;&nbsp;&nbsp;&nbsp; Apple Pay<\/p>\n\n\n\n<p>Alle Details zu den jeweiligen Zahlungsm\u00f6glichkeiten werden w\u00e4hrend des Bestellvorgangs angezeigt. Die Ware wird erst nach erfolgreichem Zahlungseingang versandt.<\/p>\n\n\n\n<p><strong>\u00a7 6 Transportsch\u00e4den<\/strong><\/p>\n\n\n\n<p>(1) Werden Waren mit offensichtlichen Transportsch\u00e4den angeliefert, wird der Kunden gebeten, diese Fehler sofort bei dem Zusteller zu reklamieren und schnellstm\u00f6glich Kontakt zu dem Verk\u00e4ufer aufzunehmen.<\/p>\n\n\n\n<p>(2) Die Vers\u00e4umung einer Reklamation oder der Kontaktaufnahme hat f\u00fcr die gesetzlichen Gew\u00e4hrleistungsrechte des Kunden keinerlei Konsequenzen, hilft dem Verk\u00e4ufer aber, eigene Anspr\u00fcche gegen\u00fcber dem Frachtf\u00fchrer bzw. der Transportversicherung geltend machen zu k\u00f6nnen.<\/p>\n\n\n\n<p><strong>\u00a7 7 Sachm\u00e4ngelgew\u00e4hrleistung<\/strong><\/p>\n\n\n\n<p>(1) Der Anbieter haftet f\u00fcr Sachm\u00e4ngel nach den hierf\u00fcr geltenden gesetzlichen Vorschriften<\/p>\n\n\n\n<p>(2) Eine Garantie besteht bei den vom Anbieter gelieferten Waren nur, wenn diese ausdr\u00fccklich in der Auftragsbest\u00e4tigung zu dem jeweiligen Artikel abgegeben wurde.<\/p>\n\n\n\n<p>(3) Beanstandungen und M\u00e4ngelhaftungsanspr\u00fcche k\u00f6nnen Sie unter der in der Anbieterkennzeichnung angegebenen Adresse vorbringen.<\/p>\n\n\n\n<p><strong>\u00a7 8 Garantie<\/strong><\/p>\n\n\n\n<p>Auf alle von uns angebotenen technischen Produkte (Duftger\u00e4te) gew\u00e4hren wir eine Garantie von zwei (1) Jahren ab dem Lieferdatum.<\/p>\n\n\n\n<p>W\u00e4hrend des Garantiezeitraums verpflichten wir uns, bei berechtigtem Garantieanspruch die Kosten f\u00fcr die Reparatur zu \u00fcbernehmen oder das defekte Produkt durch ein gleichwertiges zu ersetzen. Die Garantie erstreckt sich ausschlie\u00dflich auf den Kaufpreis des beanstandeten Produkts und schlie\u00dft dar\u00fcberhinausgehende Anspr\u00fcche aus.<\/p>\n\n\n\n<p>Die Garantie gilt nicht f\u00fcr Sch\u00e4den, Funktionsst\u00f6rungen oder Beeintr\u00e4chtigungen, die auf unsachgem\u00e4sse Nutzung, unzul\u00e4ssige Ver\u00e4nderungen oder Modifikationen sowie auf mangelhafte Wartung zur\u00fcckzuf\u00fchren sind. <strong>Dies schliesst ausdr\u00fccklich auch die Verwendung von nicht bei uns erworbenen D\u00fcften,<\/strong> Missbrauch, Unf\u00e4lle, Feuchtigkeit, Feuer, Blitzschlag, Stromausf\u00e4lle oder andere Formen h\u00f6herer Gewalt ein.<\/p>\n\n\n\n<p>Die Garantie ist ebenfalls ung\u00fcltig, wenn die Produkte \u00fcberm\u00e4ssig stark gesch\u00fcttelt oder falsch behandelt werden, was dazu f\u00fchren kann, dass der Duft unkontrolliert austritt. Die Abbilungen sind in unserem Onlineshop eindeutig dargestellt. Dar\u00fcber hinaus sind Sch\u00e4den, die durch fahrl\u00e4ssige oder vors\u00e4tzliche Handhabung entstehen, ebenfalls ausgeschlossen. Reparaturen d\u00fcrfen ausschlie\u00dflich von uns durchgef\u00fchrt werden.<strong><\/strong><\/p>\n\n\n\n<p><strong>\u00a7 9 Eigentumsvorbehalt<\/strong><\/p>\n\n\n\n<p>Bis zur vollst\u00e4ndigen Bezahlung verbleiben die gelieferten Waren im Eigentum des Verk\u00e4ufers.<\/p>\n\n\n\n<p><strong>\u00a7 10 Haftung<\/strong><\/p>\n\n\n\n<p>Es gelten die gesetzlichen Vorschriften.<\/p>\n\n\n\n<p><strong>\u00a7 11 Vertragstext<\/strong><\/p>\n\n\n\n<p>Der Vertragstext wird auf den internen Systemen des Verk\u00e4ufers gespeichert. Die Allgemeinen Gesch\u00e4ftsbedingungen kann der Kunde jederzeit in seinem Kundenkonto einsehen. Die Bestelldaten und die AGB werden dem Kunden per E-Mail zugesendet. Nach Abschluss der Bestellung sind die Bestelldaten aus Sicherheitsgr\u00fcnden nicht mehr \u00fcber das Internet zug\u00e4nglich.<\/p>\n\n\n\n<p><strong>\u00a7 12 Schlussbestimmungen<\/strong><\/p>\n\n\n\n<p>(1) Die Vertragssprache ist deutsch.<\/p>\n\n\n\n<p>(2) In Vertr\u00e4gen zwischen dem Verk\u00e4ufer und seinen Kunden in der Schweiz findet das schweizerische Recht Anwendung, unter Ausschluss der Gesetze \u00fcber den internationalen Kauf beweglicher G\u00fcter. Diese Rechtswahl gilt f\u00fcr Verbraucher nur, sofern ihr Schutz gem\u00e4\u00df zwingenden Vorschriften des Rechts des Landes ihres gew\u00f6hnlichen Aufenthalts nicht beeintr\u00e4chtigt wird.<\/p>\n\n\n\n<p>(3) Sofern es sich beim Kunden um einen Kaufmann, eine juristische Person des \u00f6ffentlichen Rechts oder um ein \u00f6ffentlich-rechtliches Sonderverm\u00f6gen handelt, ist Gerichtsstand f\u00fcr alle Streitigkeiten aus Vertragsverh\u00e4ltnissen zwischen dem Kunden und dem Verk\u00e4ufer der Sitz des Verk\u00e4ufers. Dies gilt auch, sofern der Kunde keinen allgemeinen Gerichtsstand in der Schweiz oder der EU hat, oder sein Wohnsitz oder sein gew\u00f6hnlicher Aufenthalt im Zeitpunkt der Klageerhebung nicht bekannt ist.<\/p>\n\n\n\n<p>(4) Verbraucherrechte und Datenschutz<\/p>\n\n\n\n<p>Die Rechte der Kunden als Verbraucher bleiben von diesen Allgemeinen Gesch\u00e4ftsbedingungen unber\u00fchrt. Insbesondere werden zwingende Bestimmungen des schweizerischen Rechts und des Verbraucherschutzes eingehalten. Sollten einzelne Bestimmungen dieser AGB f\u00fcr Verbraucher ung\u00fcltig oder unanwendbar sein, ber\u00fchrt dies die G\u00fcltigkeit der \u00fcbrigen Bestimmungen nicht.<\/p>\n\n\n\n<p>F\u00fcr den Schutz der personenbezogenen Daten der Kunden gilt unsere [Datenschutzerkl\u00e4rung], die auf unserer Website abrufbar ist. Es werden nur Daten erhoben, verarbeitet und genutzt, die f\u00fcr die Abwicklung des Vertrages erforderlich sind. Eine Weitergabe an Dritte erfolgt nur im Rahmen der gesetzlichen Vorgaben oder mit Zustimmung des Kunden.<\/p>\n\n\n\n<p>(Ende der AGB)<\/p>\n<\/div><\/div><\/div>\n<\/div><\/div>\n","protected":false},"excerpt":{"rendered":"<p>Allgemeine Gesch\u00e4ftsbedingungen Allgemeine Gesch\u00e4ftsbedingungen und Verbraucherinformationen im Rahmen von Kaufvertr\u00e4gen, die \u00fcber den Onlineshop zwischen www.ismell.ch &#8211; im Folgenden \u201eVerk\u00e4ufer\u201c &#8211; und dem Kunden &#8211; im Folgenden \u201eKunde\u201c &#8211; geschlossen werden. \u00a7 1 Geltungsbereich und allgemeine Hinweise (1) Vorbehaltlich individueller Absprachen und Vereinbarungen, die Vorrang vor diesen AGB haben, gelten f\u00fcr die Gesch\u00e4ftsbeziehung zwischen dem [&hellip;]<\/p>\n","protected":false},"author":1,"featured_media":0,"parent":0,"menu_order":0,"comment_status":"closed","ping_status":"closed","template":"","meta":{"CBBTypography":[],"footnotes":""},"class_list":["post-1300","page","type-page","status-publish","hentry"],"blocksy_meta":[],"jetpack_sharing_enabled":true,"_links":{"self":[{"href":"https:\/\/ismell.ch\/it\/wp-json\/wp\/v2\/pages\/1300","targetHints":{"allow":["GET"]}}],"collection":[{"href":"https:\/\/ismell.ch\/it\/wp-json\/wp\/v2\/pages"}],"about":[{"href":"https:\/\/ismell.ch\/it\/wp-json\/wp\/v2\/types\/page"}],"author":[{"embeddable":true,"href":"https:\/\/ismell.ch\/it\/wp-json\/wp\/v2\/users\/1"}],"replies":[{"embeddable":true,"href":"https:\/\/ismell.ch\/it\/wp-json\/wp\/v2\/comments?post=1300"}],"version-history":[{"count":0,"href":"https:\/\/ismell.ch\/it\/wp-json\/wp\/v2\/pages\/1300\/revisions"}],"wp:attachment":[{"href":"https:\/\/ismell.ch\/it\/wp-json\/wp\/v2\/media?parent=1300"}],"curies":[{"name":"wp","href":"https:\/\/api.w.org\/{rel}","templated":true}]}}