{"id":999,"date":"2024-12-05T20:35:35","date_gmt":"2024-12-05T20:35:35","guid":{"rendered":"https:\/\/ismell.ch\/?post_type=product&#038;p=999"},"modified":"2026-02-04T17:29:30","modified_gmt":"2026-02-04T16:29:30","slug":"s150-diffusor","status":"publish","type":"product","link":"https:\/\/ismell.ch\/fr\/product\/s150-diffusor\/","title":{"rendered":"S150"},"content":{"rendered":"<p>Le diffuseur de parfum S150 apporte une exp\u00e9rience olfactive immersive dans tout espace intime. Con\u00e7u pour s'int\u00e9grer parfaitement dans des espaces plus restreints tels que les bureaux et les salles de conf\u00e9rence, il utilise une technologie d'atomisation avanc\u00e9e pour transformer les huiles parfum\u00e9es en une brume ultrafine, remplissant l'air d'ar\u00f4mes captivants. Son fonctionnement silencieux et son design \u00e9pur\u00e9 en font le choix id\u00e9al pour am\u00e9liorer les environnements avec une touche d'\u00e9l\u00e9gance et de sophistication. Dot\u00e9 d'un \u00e9cran tactile programmable pour un contr\u00f4le personnalis\u00e9 des senteurs, le diffuseur S150 cr\u00e9e une ambiance m\u00e9morable et des impressions durables.<\/p>\n<p>Installation : Sur table<br \/>\nPuissance : 6w<br \/>\nTension : DC 12v<br \/>\nCapacit\u00e9 de parfumage : 150ml<\/p>\n<p><img loading=\"lazy\" decoding=\"async\" class=\"aligncenter wp-image-1810 size-full\" src=\"https:\/\/ismell.ch\/wp-content\/uploads\/2024\/12\/1-ismell-s150.png\" alt=\"\" width=\"800\" height=\"1312\" srcset=\"https:\/\/ismell.ch\/wp-content\/uploads\/2024\/12\/1-ismell-s150.png 800w, https:\/\/ismell.ch\/wp-content\/uploads\/2024\/12\/1-ismell-s150-183x300.png 183w, https:\/\/ismell.ch\/wp-content\/uploads\/2024\/12\/1-ismell-s150-624x1024.png 624w, https:\/\/ismell.ch\/wp-content\/uploads\/2024\/12\/1-ismell-s150-768x1260.png 768w, https:\/\/ismell.ch\/wp-content\/uploads\/2024\/12\/1-ismell-s150-7x12.png 7w, https:\/\/ismell.ch\/wp-content\/uploads\/2024\/12\/1-ismell-s150-200x328.png 200w, https:\/\/ismell.ch\/wp-content\/uploads\/2024\/12\/1-ismell-s150-500x820.png 500w, https:\/\/ismell.ch\/wp-content\/uploads\/2024\/12\/1-ismell-s150-600x984.png 600w\" sizes=\"auto, (max-width: 800px) 100vw, 800px\" \/>\u00a0<img loading=\"lazy\" decoding=\"async\" class=\"aligncenter wp-image-1811 size-full\" src=\"https:\/\/ismell.ch\/wp-content\/uploads\/2024\/12\/2-ismell-s150.png\" alt=\"\" width=\"800\" height=\"479\" srcset=\"https:\/\/ismell.ch\/wp-content\/uploads\/2024\/12\/2-ismell-s150.png 800w, https:\/\/ismell.ch\/wp-content\/uploads\/2024\/12\/2-ismell-s150-300x180.png 300w, https:\/\/ismell.ch\/wp-content\/uploads\/2024\/12\/2-ismell-s150-768x460.png 768w, https:\/\/ismell.ch\/wp-content\/uploads\/2024\/12\/2-ismell-s150-18x12.png 18w, https:\/\/ismell.ch\/wp-content\/uploads\/2024\/12\/2-ismell-s150-200x120.png 200w, https:\/\/ismell.ch\/wp-content\/uploads\/2024\/12\/2-ismell-s150-500x299.png 500w, https:\/\/ismell.ch\/wp-content\/uploads\/2024\/12\/2-ismell-s150-600x359.png 600w\" sizes=\"auto, (max-width: 800px) 100vw, 800px\" \/><img loading=\"lazy\" decoding=\"async\" class=\"aligncenter wp-image-1812 size-full\" src=\"https:\/\/ismell.ch\/wp-content\/uploads\/2024\/12\/3-ismell-s150.png\" alt=\"\" width=\"800\" height=\"836\" srcset=\"https:\/\/ismell.ch\/wp-content\/uploads\/2024\/12\/3-ismell-s150.png 800w, https:\/\/ismell.ch\/wp-content\/uploads\/2024\/12\/3-ismell-s150-287x300.png 287w, https:\/\/ismell.ch\/wp-content\/uploads\/2024\/12\/3-ismell-s150-768x803.png 768w, https:\/\/ismell.ch\/wp-content\/uploads\/2024\/12\/3-ismell-s150-11x12.png 11w, https:\/\/ismell.ch\/wp-content\/uploads\/2024\/12\/3-ismell-s150-200x209.png 200w, https:\/\/ismell.ch\/wp-content\/uploads\/2024\/12\/3-ismell-s150-500x523.png 500w, https:\/\/ismell.ch\/wp-content\/uploads\/2024\/12\/3-ismell-s150-600x627.png 600w\" sizes=\"auto, (max-width: 800px) 100vw, 800px\" \/><img loading=\"lazy\" decoding=\"async\" class=\"aligncenter wp-image-1813 size-full\" src=\"https:\/\/ismell.ch\/wp-content\/uploads\/2024\/12\/4-ismell-s150.png\" alt=\"\" width=\"800\" height=\"656\" srcset=\"https:\/\/ismell.ch\/wp-content\/uploads\/2024\/12\/4-ismell-s150.png 800w, https:\/\/ismell.ch\/wp-content\/uploads\/2024\/12\/4-ismell-s150-300x246.png 300w, https:\/\/ismell.ch\/wp-content\/uploads\/2024\/12\/4-ismell-s150-768x630.png 768w, https:\/\/ismell.ch\/wp-content\/uploads\/2024\/12\/4-ismell-s150-15x12.png 15w, https:\/\/ismell.ch\/wp-content\/uploads\/2024\/12\/4-ismell-s150-200x164.png 200w, https:\/\/ismell.ch\/wp-content\/uploads\/2024\/12\/4-ismell-s150-500x410.png 500w, https:\/\/ismell.ch\/wp-content\/uploads\/2024\/12\/4-ismell-s150-600x492.png 600w\" sizes=\"auto, (max-width: 800px) 100vw, 800px\" \/> \u00a0<img loading=\"lazy\" decoding=\"async\" class=\"aligncenter wp-image-1814 size-full\" src=\"https:\/\/ismell.ch\/wp-content\/uploads\/2024\/12\/5-ismell-s150.png\" alt=\"\" width=\"800\" height=\"920\" srcset=\"https:\/\/ismell.ch\/wp-content\/uploads\/2024\/12\/5-ismell-s150.png 800w, https:\/\/ismell.ch\/wp-content\/uploads\/2024\/12\/5-ismell-s150-261x300.png 261w, https:\/\/ismell.ch\/wp-content\/uploads\/2024\/12\/5-ismell-s150-768x883.png 768w, https:\/\/ismell.ch\/wp-content\/uploads\/2024\/12\/5-ismell-s150-10x12.png 10w, https:\/\/ismell.ch\/wp-content\/uploads\/2024\/12\/5-ismell-s150-200x230.png 200w, https:\/\/ismell.ch\/wp-content\/uploads\/2024\/12\/5-ismell-s150-500x575.png 500w, https:\/\/ismell.ch\/wp-content\/uploads\/2024\/12\/5-ismell-s150-600x690.png 600w\" sizes=\"auto, (max-width: 800px) 100vw, 800px\" \/> \u00a0\u00a0<img loading=\"lazy\" decoding=\"async\" class=\"aligncenter wp-image-1815 size-full\" src=\"https:\/\/ismell.ch\/wp-content\/uploads\/2024\/12\/6-ismell-s150.png\" alt=\"\" width=\"800\" height=\"724\" srcset=\"https:\/\/ismell.ch\/wp-content\/uploads\/2024\/12\/6-ismell-s150.png 800w, https:\/\/ismell.ch\/wp-content\/uploads\/2024\/12\/6-ismell-s150-300x272.png 300w, https:\/\/ismell.ch\/wp-content\/uploads\/2024\/12\/6-ismell-s150-768x695.png 768w, https:\/\/ismell.ch\/wp-content\/uploads\/2024\/12\/6-ismell-s150-13x12.png 13w, https:\/\/ismell.ch\/wp-content\/uploads\/2024\/12\/6-ismell-s150-200x181.png 200w, https:\/\/ismell.ch\/wp-content\/uploads\/2024\/12\/6-ismell-s150-500x453.png 500w, https:\/\/ismell.ch\/wp-content\/uploads\/2024\/12\/6-ismell-s150-600x543.png 600w\" sizes=\"auto, (max-width: 800px) 100vw, 800px\" \/><img loading=\"lazy\" decoding=\"async\" class=\"aligncenter wp-image-1816 size-full\" src=\"https:\/\/ismell.ch\/wp-content\/uploads\/2024\/12\/7-ismell-s150.png\" alt=\"\" width=\"800\" height=\"1316\" srcset=\"https:\/\/ismell.ch\/wp-content\/uploads\/2024\/12\/7-ismell-s150.png 800w, https:\/\/ismell.ch\/wp-content\/uploads\/2024\/12\/7-ismell-s150-182x300.png 182w, https:\/\/ismell.ch\/wp-content\/uploads\/2024\/12\/7-ismell-s150-622x1024.png 622w, https:\/\/ismell.ch\/wp-content\/uploads\/2024\/12\/7-ismell-s150-768x1263.png 768w, https:\/\/ismell.ch\/wp-content\/uploads\/2024\/12\/7-ismell-s150-7x12.png 7w, https:\/\/ismell.ch\/wp-content\/uploads\/2024\/12\/7-ismell-s150-200x329.png 200w, https:\/\/ismell.ch\/wp-content\/uploads\/2024\/12\/7-ismell-s150-500x823.png 500w, https:\/\/ismell.ch\/wp-content\/uploads\/2024\/12\/7-ismell-s150-600x987.png 600w\" sizes=\"auto, (max-width: 800px) 100vw, 800px\" \/><\/p>","protected":false},"excerpt":{"rendered":"<p>Le diffuseur S150 offre une exp\u00e9rience olfactive immersive dans tout espace intime. Con\u00e7u pour s'int\u00e9grer parfaitement dans des espaces plus restreints tels que les bureaux et les salles de conf\u00e9rence, il utilise une technologie d'atomisation avanc\u00e9e pour transformer les huiles de parfum en un brouillard ultrafin, remplissant l'air d'ar\u00f4mes captivants.<\/p>\n<p><a href=\"https:\/\/apps.apple.com\/us\/app\/scent-master-pro\/id6499073832\" target=\"_blank\" rel=\"noopener\"><img loading=\"lazy\" decoding=\"async\" class=\"alignleft wp-image-1121 size-full\" src=\"https:\/\/ismell.ch\/wp-content\/uploads\/2024\/12\/app-store.png\" alt=\"\" width=\"204\" height=\"60\" srcset=\"https:\/\/ismell.ch\/wp-content\/uploads\/2024\/12\/app-store.png 204w, https:\/\/ismell.ch\/wp-content\/uploads\/2024\/12\/app-store-200x59.png 200w\" sizes=\"auto, (max-width: 204px) 100vw, 204px\" \/><\/a><\/p>\n<p><a href=\"http:\/\/play.google.com\/store\/apps\/details?id=com.xxiot.bx.scent&amp;pcampaignid=web_share\" target=\"_blank\" rel=\"noopener\"><img loading=\"lazy\" decoding=\"async\" class=\"alignleft wp-image-1122 size-full\" src=\"https:\/\/ismell.ch\/wp-content\/uploads\/2024\/12\/google-store.png\" alt=\"\" width=\"204\" height=\"60\" srcset=\"https:\/\/ismell.ch\/wp-content\/uploads\/2024\/12\/google-store.png 204w, https:\/\/ismell.ch\/wp-content\/uploads\/2024\/12\/google-store-200x59.png 200w\" sizes=\"auto, (max-width: 204px) 100vw, 204px\" \/><\/a><a href=\"https:\/\/ismell.ch\/wp-content\/uploads\/2025\/04\/S150-Instructions-v1.0.pdf\"><img loading=\"lazy\" decoding=\"async\" class=\"alignleft wp-image-1131 size-full\" src=\"https:\/\/ismell.ch\/wp-content\/uploads\/2024\/12\/Instructions-Manual.png\" alt=\"\" width=\"204\" height=\"60\" srcset=\"https:\/\/ismell.ch\/wp-content\/uploads\/2024\/12\/Instructions-Manual.png 204w, https:\/\/ismell.ch\/wp-content\/uploads\/2024\/12\/Instructions-Manual-200x59.png 200w\" sizes=\"auto, (max-width: 204px) 100vw, 204px\" \/><\/a><\/p>","protected":false},"featured_media":1461,"comment_status":"open","ping_status":"closed","template":"","meta":{"CBBTypography":[]},"product_brand":[],"product_cat":[24],"product_tag":[],"class_list":{"0":"post-999","1":"product","2":"type-product","3":"status-publish","4":"has-post-thumbnail","6":"product_cat-diffusoren","8":"first","9":"instock","10":"shipping-taxable","11":"purchasable","12":"product-type-variable","13":"has-default-attributes"},"jetpack_sharing_enabled":true,"_links":{"self":[{"href":"https:\/\/ismell.ch\/fr\/wp-json\/wp\/v2\/product\/999","targetHints":{"allow":["GET"]}}],"collection":[{"href":"https:\/\/ismell.ch\/fr\/wp-json\/wp\/v2\/product"}],"about":[{"href":"https:\/\/ismell.ch\/fr\/wp-json\/wp\/v2\/types\/product"}],"replies":[{"embeddable":true,"href":"https:\/\/ismell.ch\/fr\/wp-json\/wp\/v2\/comments?post=999"}],"wp:featuredmedia":[{"embeddable":true,"href":"https:\/\/ismell.ch\/fr\/wp-json\/wp\/v2\/media\/1461"}],"wp:attachment":[{"href":"https:\/\/ismell.ch\/fr\/wp-json\/wp\/v2\/media?parent=999"}],"wp:term":[{"taxonomy":"product_brand","embeddable":true,"href":"https:\/\/ismell.ch\/fr\/wp-json\/wp\/v2\/product_brand?post=999"},{"taxonomy":"product_cat","embeddable":true,"href":"https:\/\/ismell.ch\/fr\/wp-json\/wp\/v2\/product_cat?post=999"},{"taxonomy":"product_tag","embeddable":true,"href":"https:\/\/ismell.ch\/fr\/wp-json\/wp\/v2\/product_tag?post=999"}],"curies":[{"name":"wp","href":"https:\/\/api.w.org\/{rel}","templated":true}]}}