{"id":957,"date":"2024-12-05T19:28:40","date_gmt":"2024-12-05T19:28:40","guid":{"rendered":"https:\/\/ismell.ch\/?post_type=product&#038;p=957"},"modified":"2025-09-13T08:56:16","modified_gmt":"2025-09-13T06:56:16","slug":"symfonia-premium-diffuser-scent-symphony","status":"publish","type":"product","link":"https:\/\/ismell.ch\/fr\/product\/symfonia-premium-diffuser-scent-symphony\/","title":{"rendered":"SYMFONIA"},"content":{"rendered":"<p><strong>Notes de t\u00eate<\/strong>:<br \/>\nPamplemousse : vif, juteux et acidul\u00e9, il donne un ton rafra\u00eechissant.<br \/>\nBergamote : Ajoute un \u00e9clat vif et citronn\u00e9 avec une touche de sophistication.<br \/>\nGingembre : Chaud et l\u00e9g\u00e8rement \u00e9pic\u00e9, il renforce l'\u00e9nergie du parfum.<\/p>\n<p><strong>Notes de c\u0153ur:<\/strong><br \/>\nOrange : Douce et ensoleill\u00e9e, elle ajoute de la chaleur au m\u00e9lange d'agrumes.<br \/>\nG\u00e9ranium : Une note florale verte et ros\u00e9e avec une qualit\u00e9 fra\u00eeche et l\u00e9g\u00e8rement menthol\u00e9e.<\/p>\n<p><strong>Notes de fond:<\/strong><br \/>\nMenthe : Rafra\u00eechissante et herbac\u00e9e, elle renforce le caract\u00e8re frais du parfum.<\/p>","protected":false},"excerpt":{"rendered":"<p>Inspir\u00e9 par Louis Vuitton \u2013 Symphony<\/p>\n<p>Symfonia est un parfum vibrant, citronn\u00e9 et aromatique. Sa composition se concentre sur des notes fra\u00eeches, zest\u00e9es et vivifiantes qui \u00e9voquent la sensation d'une \u00e9vasion tropicale.<\/p>","protected":false},"featured_media":1110,"comment_status":"open","ping_status":"closed","template":"","meta":{"CBBTypography":[]},"product_brand":[],"product_cat":[30],"product_tag":[],"class_list":{"0":"post-957","1":"product","2":"type-product","3":"status-publish","4":"has-post-thumbnail","6":"product_cat-dufte","8":"first","9":"instock","10":"shipping-taxable","11":"purchasable","12":"product-type-variable","13":"has-default-attributes"},"jetpack_sharing_enabled":true,"_links":{"self":[{"href":"https:\/\/ismell.ch\/fr\/wp-json\/wp\/v2\/product\/957","targetHints":{"allow":["GET"]}}],"collection":[{"href":"https:\/\/ismell.ch\/fr\/wp-json\/wp\/v2\/product"}],"about":[{"href":"https:\/\/ismell.ch\/fr\/wp-json\/wp\/v2\/types\/product"}],"replies":[{"embeddable":true,"href":"https:\/\/ismell.ch\/fr\/wp-json\/wp\/v2\/comments?post=957"}],"wp:featuredmedia":[{"embeddable":true,"href":"https:\/\/ismell.ch\/fr\/wp-json\/wp\/v2\/media\/1110"}],"wp:attachment":[{"href":"https:\/\/ismell.ch\/fr\/wp-json\/wp\/v2\/media?parent=957"}],"wp:term":[{"taxonomy":"product_brand","embeddable":true,"href":"https:\/\/ismell.ch\/fr\/wp-json\/wp\/v2\/product_brand?post=957"},{"taxonomy":"product_cat","embeddable":true,"href":"https:\/\/ismell.ch\/fr\/wp-json\/wp\/v2\/product_cat?post=957"},{"taxonomy":"product_tag","embeddable":true,"href":"https:\/\/ismell.ch\/fr\/wp-json\/wp\/v2\/product_tag?post=957"}],"curies":[{"name":"wp","href":"https:\/\/api.w.org\/{rel}","templated":true}]}}