{"id":950,"date":"2024-12-05T19:23:24","date_gmt":"2024-12-05T19:23:24","guid":{"rendered":"https:\/\/ismell.ch\/?post_type=product&#038;p=950"},"modified":"2026-02-19T01:46:54","modified_gmt":"2026-02-19T00:46:54","slug":"magic-cedar-premium-diffuser-scent-super-cedar","status":"publish","type":"product","link":"https:\/\/ismell.ch\/fr\/product\/magic-cedar-premium-diffuser-scent-super-cedar\/","title":{"rendered":"MAGIC CEDAR"},"content":{"rendered":"<p><strong>Notes de t\u00eate:<\/strong><br \/>\nAccord P\u00e9tale de Rose : Une note florale douce et d\u00e9licate qui apporte un soup\u00e7on d'\u00e9l\u00e9gance et de fra\u00eecheur.<\/p>\n<p><strong>Notes de c\u0153ur:<\/strong><br \/>\nBois de c\u00e8dre de Virginie : La star du parfum, qui offre un ar\u00f4me chaud, sec et l\u00e9g\u00e8rement fum\u00e9 avec une touche de terre.<\/p>\n<p><strong>Notes de fond:<\/strong><br \/>\nV\u00e9tiver ha\u00eftien : Ajoute une profondeur terreuse et herbeuse avec un soup\u00e7on de fum\u00e9e.<br \/>\nMusc soyeux : Apporte une chaleur douce, semblable \u00e0 celle de la peau, qui \u00e9quilibre le caract\u00e8re bois\u00e9.<\/p>","protected":false},"excerpt":{"rendered":"<div class=\"product-entry-wrapper ct-constrained-width\">\n<div class=\"summary entry-summary entry-summary-items\">\n<div class=\"woocommerce-product-details__short-description\">\n<p>Inspir\u00e9 par Byredo \u2013 Super Cedar<\/p>\n<p>Magic Cedar est un parfum minimaliste et \u00e9l\u00e9gant qui se concentre sur la chaleur et le confort du bois de c\u00e8dre, compl\u00e9t\u00e9 par des notes douces et subtiles. Il fait partie de la famille des parfums aromatiques bois\u00e9s et offre une sensation de propret\u00e9 et de modernit\u00e9.<\/p>\n<\/div>\n<\/div>\n<\/div>","protected":false},"featured_media":1104,"comment_status":"open","ping_status":"closed","template":"","meta":{"CBBTypography":[]},"product_brand":[],"product_cat":[30],"product_tag":[],"class_list":{"0":"post-950","1":"product","2":"type-product","3":"status-publish","4":"has-post-thumbnail","6":"product_cat-dufte","8":"first","9":"instock","10":"shipping-taxable","11":"purchasable","12":"product-type-variable","13":"has-default-attributes"},"jetpack_sharing_enabled":true,"_links":{"self":[{"href":"https:\/\/ismell.ch\/fr\/wp-json\/wp\/v2\/product\/950","targetHints":{"allow":["GET"]}}],"collection":[{"href":"https:\/\/ismell.ch\/fr\/wp-json\/wp\/v2\/product"}],"about":[{"href":"https:\/\/ismell.ch\/fr\/wp-json\/wp\/v2\/types\/product"}],"replies":[{"embeddable":true,"href":"https:\/\/ismell.ch\/fr\/wp-json\/wp\/v2\/comments?post=950"}],"wp:featuredmedia":[{"embeddable":true,"href":"https:\/\/ismell.ch\/fr\/wp-json\/wp\/v2\/media\/1104"}],"wp:attachment":[{"href":"https:\/\/ismell.ch\/fr\/wp-json\/wp\/v2\/media?parent=950"}],"wp:term":[{"taxonomy":"product_brand","embeddable":true,"href":"https:\/\/ismell.ch\/fr\/wp-json\/wp\/v2\/product_brand?post=950"},{"taxonomy":"product_cat","embeddable":true,"href":"https:\/\/ismell.ch\/fr\/wp-json\/wp\/v2\/product_cat?post=950"},{"taxonomy":"product_tag","embeddable":true,"href":"https:\/\/ismell.ch\/fr\/wp-json\/wp\/v2\/product_tag?post=950"}],"curies":[{"name":"wp","href":"https:\/\/api.w.org\/{rel}","templated":true}]}}