{"id":943,"date":"2024-12-05T19:10:42","date_gmt":"2024-12-05T19:10:42","guid":{"rendered":"https:\/\/ismell.ch\/?post_type=product&#038;p=943"},"modified":"2025-11-02T08:18:26","modified_gmt":"2025-11-02T07:18:26","slug":"fleur-de-neige-premium-diffuser-scent-soleil-neige","status":"publish","type":"product","link":"https:\/\/ismell.ch\/fr\/product\/fleur-de-neige-premium-diffuser-scent-soleil-neige\/","title":{"rendered":"FLEUR DE NEIGE"},"content":{"rendered":"<p><strong>Notes de t\u00eate:<\/strong><br \/>\nBergamote : \u00c9clatante et zest\u00e9e, elle apporte une fra\u00eecheur p\u00e9tillante.<br \/>\nGraine de carotte : terreuse et subtilement sucr\u00e9e, introduisant une nuance v\u00e9g\u00e9tale unique.<\/p>\n<p><strong>Notes de c\u0153ur:<\/strong><br \/>\nFleur d'oranger : Une note florale vibrante et sucr\u00e9e avec une chaleur rayonnante.<br \/>\nJasmin : Cr\u00e9meux et sensuel, il donne de la profondeur au bouquet floral.<br \/>\nRose: Douce et romantique, elle rehausse l'\u00e9l\u00e9gance de la composition.<\/p>\n<p><strong>Notes de fond:<\/strong><br \/>\nBenjoin : Chaud et r\u00e9sineux avec un soup\u00e7on de douceur vanill\u00e9e.<br \/>\nLabdanum : Ajoute une richesse et une complexit\u00e9 ambr\u00e9es.<br \/>\nVanille : Cr\u00e9meuse et r\u00e9confortante, elle offre une finale douce et sucr\u00e9e.<\/p>","protected":false},"excerpt":{"rendered":"<div class=\"product-entry-wrapper ct-constrained-width\">\n<div class=\"summary entry-summary entry-summary-items\">\n<div class=\"woocommerce-product-details__short-description\">\n<p>Inspir\u00e9 par Tom Ford \u2013 Soleil Neige<\/p>\n<p>Fleur de Neige est un parfum radieux et luxueux inspir\u00e9 par le contraste entre la lumi\u00e8re du soleil d'hiver et la neige. Il appartient \u00e0 la famille des muscs floraux et est connu pour son profil lumineux et frais.<\/p>\n<\/div>\n<\/div>\n<\/div>","protected":false},"featured_media":1126,"comment_status":"open","ping_status":"closed","template":"","meta":{"CBBTypography":[]},"product_brand":[],"product_cat":[30],"product_tag":[],"class_list":{"0":"post-943","1":"product","2":"type-product","3":"status-publish","4":"has-post-thumbnail","6":"product_cat-dufte","8":"first","9":"instock","10":"shipping-taxable","11":"purchasable","12":"product-type-variable","13":"has-default-attributes"},"jetpack_sharing_enabled":true,"_links":{"self":[{"href":"https:\/\/ismell.ch\/fr\/wp-json\/wp\/v2\/product\/943","targetHints":{"allow":["GET"]}}],"collection":[{"href":"https:\/\/ismell.ch\/fr\/wp-json\/wp\/v2\/product"}],"about":[{"href":"https:\/\/ismell.ch\/fr\/wp-json\/wp\/v2\/types\/product"}],"replies":[{"embeddable":true,"href":"https:\/\/ismell.ch\/fr\/wp-json\/wp\/v2\/comments?post=943"}],"wp:featuredmedia":[{"embeddable":true,"href":"https:\/\/ismell.ch\/fr\/wp-json\/wp\/v2\/media\/1126"}],"wp:attachment":[{"href":"https:\/\/ismell.ch\/fr\/wp-json\/wp\/v2\/media?parent=943"}],"wp:term":[{"taxonomy":"product_brand","embeddable":true,"href":"https:\/\/ismell.ch\/fr\/wp-json\/wp\/v2\/product_brand?post=943"},{"taxonomy":"product_cat","embeddable":true,"href":"https:\/\/ismell.ch\/fr\/wp-json\/wp\/v2\/product_cat?post=943"},{"taxonomy":"product_tag","embeddable":true,"href":"https:\/\/ismell.ch\/fr\/wp-json\/wp\/v2\/product_tag?post=943"}],"curies":[{"name":"wp","href":"https:\/\/api.w.org\/{rel}","templated":true}]}}