{"id":935,"date":"2024-12-05T19:01:07","date_gmt":"2024-12-05T19:01:07","guid":{"rendered":"https:\/\/ismell.ch\/?post_type=product&#038;p=935"},"modified":"2025-10-20T14:41:14","modified_gmt":"2025-10-20T12:41:14","slug":"circe-premium-diffuser-scent-kirke","status":"publish","type":"product","link":"https:\/\/ismell.ch\/fr\/product\/circe-premium-diffuser-scent-kirke\/","title":{"rendered":"CIRCE"},"content":{"rendered":"<p><strong>Notes de t\u00eate<\/strong>:<br \/>\nFruit de la passion : Sucr\u00e9, tropical et exotique.<br \/>\nP\u00eache : Juteuse et velout\u00e9e, elle apporte une douceur succulente.<br \/>\nPoire : Croustillante et fra\u00eeche, elle renforce le profil fruit\u00e9.<br \/>\nFramboise : acidul\u00e9e et vibrante, elle ajoute de la profondeur au m\u00e9lange fruit\u00e9.<br \/>\nCassis : Une note verte, l\u00e9g\u00e8rement acidul\u00e9e, avec un soup\u00e7on de terre.<br \/>\nSable : Un accord unique qui donne une impression de chaleur et de soleil.<\/p>\n<p><strong>Notes de c\u0153ur:<\/strong><br \/>\nMuguet : Une note florale verte et d\u00e9licate qui \u00e9quilibre le fruit\u00e9.<\/p>\n<p><strong>Notes de fond:<\/strong><br \/>\nMusc : Doux, sensuel et semblable \u00e0 la peau, il apporte de la chaleur.<br \/>\nVanille : cr\u00e9meuse et sucr\u00e9e, elle renforce la touche gourmande.<br \/>\nH\u00e9liotrope : Une note florale poudr\u00e9e, semblable \u00e0 l'amande.<br \/>\nPatchouli : terreux et bois\u00e9, il apporte profondeur et \u00e9l\u00e9gance.<br \/>\nBois de santal : Doux et cr\u00e9meux, il donne du corps \u00e0 la composition.<\/p>","protected":false},"excerpt":{"rendered":"<div class=\"product-entry-wrapper ct-constrained-width\">\n<div class=\"summary entry-summary entry-summary-items\">\n<div class=\"woocommerce-product-details__short-description\">\n<p>Inspir\u00e9 par Tiziana Terenzi \u2013 Kirke<\/p>\n<p>Circe est un parfum audacieux, fruit\u00e9 et sensuel qui appartient \u00e0 la famille des chypr\u00e9s fruit\u00e9s. Il est connu pour son parfum captivant et durable, compos\u00e9 de fruits succulents, de musc chaud et de notes bois\u00e9es.<\/p>\n<\/div>\n<\/div>\n<\/div>","protected":false},"featured_media":1094,"comment_status":"open","ping_status":"closed","template":"","meta":{"CBBTypography":[]},"product_brand":[],"product_cat":[30],"product_tag":[],"class_list":{"0":"post-935","1":"product","2":"type-product","3":"status-publish","4":"has-post-thumbnail","6":"product_cat-dufte","8":"first","9":"instock","10":"shipping-taxable","11":"purchasable","12":"product-type-variable","13":"has-default-attributes"},"jetpack_sharing_enabled":true,"_links":{"self":[{"href":"https:\/\/ismell.ch\/fr\/wp-json\/wp\/v2\/product\/935","targetHints":{"allow":["GET"]}}],"collection":[{"href":"https:\/\/ismell.ch\/fr\/wp-json\/wp\/v2\/product"}],"about":[{"href":"https:\/\/ismell.ch\/fr\/wp-json\/wp\/v2\/types\/product"}],"replies":[{"embeddable":true,"href":"https:\/\/ismell.ch\/fr\/wp-json\/wp\/v2\/comments?post=935"}],"wp:featuredmedia":[{"embeddable":true,"href":"https:\/\/ismell.ch\/fr\/wp-json\/wp\/v2\/media\/1094"}],"wp:attachment":[{"href":"https:\/\/ismell.ch\/fr\/wp-json\/wp\/v2\/media?parent=935"}],"wp:term":[{"taxonomy":"product_brand","embeddable":true,"href":"https:\/\/ismell.ch\/fr\/wp-json\/wp\/v2\/product_brand?post=935"},{"taxonomy":"product_cat","embeddable":true,"href":"https:\/\/ismell.ch\/fr\/wp-json\/wp\/v2\/product_cat?post=935"},{"taxonomy":"product_tag","embeddable":true,"href":"https:\/\/ismell.ch\/fr\/wp-json\/wp\/v2\/product_tag?post=935"}],"curies":[{"name":"wp","href":"https:\/\/api.w.org\/{rel}","templated":true}]}}