{"id":917,"date":"2024-12-05T18:20:46","date_gmt":"2024-12-05T18:20:46","guid":{"rendered":"https:\/\/ismell.ch\/?post_type=product&#038;p=917"},"modified":"2025-07-21T21:12:06","modified_gmt":"2025-07-21T19:12:06","slug":"angelique-premium-diffuser-scent-angels-share","status":"publish","type":"product","link":"https:\/\/ismell.ch\/fr\/product\/angelique-premium-diffuser-scent-angels-share\/","title":{"rendered":"ANGELIQUE"},"content":{"rendered":"<p><strong>Notes de t\u00eate:<\/strong><br \/>\nCognac : Une note riche et alcoolis\u00e9e qui donne le ton de l'indulgence.<\/p>\n<p><strong>Notes de c\u0153ur:<\/strong><br \/>\nCannelle : Ajoute de la chaleur et un peu de piquant.<br \/>\nF\u00e8ve Tonka : Apporte un ar\u00f4me doux, semblable \u00e0 celui de l'amande.<br \/>\nBois de ch\u00eane : Renforce les aspects bois\u00e9s et terreux, rappelant les f\u00fbts vieillis.<\/p>\n<p><strong>Notes de fond:<\/strong><br \/>\nPraline : Une note gourmande, sucr\u00e9e et noiset\u00e9e.<br \/>\nVanille : cr\u00e9meuse et r\u00e9confortante, elle compl\u00e8te la douceur.<br \/>\nBois de santal : Ajoute une base douce et bois\u00e9e.<br \/>\nAbsolu de ch\u00eane : Approfondit la complexit\u00e9 bois\u00e9e et renvoie \u00e0 l'inspiration du cognac.<\/p>","protected":false},"excerpt":{"rendered":"<div class=\"product-entry-wrapper ct-constrained-width\">\n<div class=\"summary entry-summary entry-summary-items\">\n<div class=\"woocommerce-product-details__short-description\">\n<p>Inspir\u00e9 par Kilian \u2013 Angels Share<\/p>\n<p>Ang\u00e9lique est un parfum luxueux et complexe. Sa composition met en valeur des notes gourmandes, riches et chaudes.<\/p>\n<\/div>\n<\/div>\n<\/div>","protected":false},"featured_media":1421,"comment_status":"open","ping_status":"closed","template":"","meta":{"CBBTypography":[]},"product_brand":[],"product_cat":[30],"product_tag":[],"class_list":{"0":"post-917","1":"product","2":"type-product","3":"status-publish","4":"has-post-thumbnail","6":"product_cat-dufte","8":"first","9":"instock","10":"shipping-taxable","11":"purchasable","12":"product-type-variable","13":"has-default-attributes"},"jetpack_sharing_enabled":true,"_links":{"self":[{"href":"https:\/\/ismell.ch\/fr\/wp-json\/wp\/v2\/product\/917","targetHints":{"allow":["GET"]}}],"collection":[{"href":"https:\/\/ismell.ch\/fr\/wp-json\/wp\/v2\/product"}],"about":[{"href":"https:\/\/ismell.ch\/fr\/wp-json\/wp\/v2\/types\/product"}],"replies":[{"embeddable":true,"href":"https:\/\/ismell.ch\/fr\/wp-json\/wp\/v2\/comments?post=917"}],"wp:featuredmedia":[{"embeddable":true,"href":"https:\/\/ismell.ch\/fr\/wp-json\/wp\/v2\/media\/1421"}],"wp:attachment":[{"href":"https:\/\/ismell.ch\/fr\/wp-json\/wp\/v2\/media?parent=917"}],"wp:term":[{"taxonomy":"product_brand","embeddable":true,"href":"https:\/\/ismell.ch\/fr\/wp-json\/wp\/v2\/product_brand?post=917"},{"taxonomy":"product_cat","embeddable":true,"href":"https:\/\/ismell.ch\/fr\/wp-json\/wp\/v2\/product_cat?post=917"},{"taxonomy":"product_tag","embeddable":true,"href":"https:\/\/ismell.ch\/fr\/wp-json\/wp\/v2\/product_tag?post=917"}],"curies":[{"name":"wp","href":"https:\/\/api.w.org\/{rel}","templated":true}]}}