{"id":3987,"date":"2025-09-22T18:53:00","date_gmt":"2025-09-22T16:53:00","guid":{"rendered":"https:\/\/ismell.ch\/?post_type=product&#038;p=3987"},"modified":"2026-01-01T11:48:03","modified_gmt":"2026-01-01T10:48:03","slug":"smart-car-aroma-diffuser","status":"publish","type":"product","link":"https:\/\/ismell.ch\/fr\/product\/smart-car-aroma-diffuser\/","title":{"rendered":"Smart Car Aroma Diffuseur"},"content":{"rendered":"<p>Le  diffuseur d'ar\u00f4mes pour voiture Smart Car est votre compagnon de voyage id\u00e9al pour un trajet plus frais et plus d\u00e9tendu. Il est \u00e9quip\u00e9 d'une pompe \u00e0 air de haute qualit\u00e9, compatible avec toutes les huiles essentielles et tous les m\u00e9langes parfum\u00e9s, et diffuse vos parfums pr\u00e9f\u00e9r\u00e9s de mani\u00e8re uniforme dans tout le v\u00e9hicule.<\/p>\n<p>Son capteur de vibration intelligent garantit que le diffuseur s'allume automatiquement d\u00e8s que votre voiture d\u00e9marre et s'\u00e9teint apr\u00e8s 60 secondes d'inactivit\u00e9, ce qui vous permet de ne gaspiller ni parfum ni batterie. Avec trois niveaux de diffusion et une batterie \u00e0 faible consommation d'\u00e9nergie, il offre l'\u00e9quilibre parfait entre performance et confort.<\/p>\n<p>Principales caract\u00e9ristiques:<br \/>\n\u2022 Pompe \u00e0 air int\u00e9gr\u00e9e : pour une diffusion uniforme du parfum avec tout type d'huile.<br \/>\n\u2022Trois niveaux de brumisation : choisissez entre des cycles de pulv\u00e9risation de 3, 6 ou 9 secondes, suivis chacun d'une pause de 60 secondes.<br \/>\n\u2022Capteur de vibration intelligent : s'allume automatiquement lorsque la voiture est en mouvement ; passe en mode veille apr\u00e8s 60 secondes d'immobilit\u00e9.<br \/>\n\u2022Conception portable : l\u00e9ger et compact, s'int\u00e8gre dans n'importe quel int\u00e9rieur de v\u00e9hicule.<br \/>\n\u2022Batterie rechargeable : lithium-ion polym\u00e8re 250 mAh avec recharge USB pour plus de confort.<\/p>\n<p>Caract\u00e9ristiques techniques<br \/>\n\u2022Mod\u00e8le : CZ-05<br \/>\n\u2022Tension d'entr\u00e9e : 5 V<br \/>\n\u2022Puissance : 2 W<br \/>\n\u2022Capacit\u00e9 de la batterie : 250 mAh lithium-ion polym\u00e8re<br \/>\n\u2022Dimensions du produit : 58,2 \u00d7 55 \u00d7 76,7 mm<br \/>\n\u2022Poids net : 110 \u00b1 5 g<br \/>\n\u2022Mat\u00e9riau : polypropyl\u00e8ne (PP)<\/p>\n<p>&nbsp;<\/p>","protected":false},"excerpt":{"rendered":"<p>Un diffuseur  automatique compact et intelligent pour huiles essentielles pures et m\u00e9langes aromatiques. Avec d\u00e9tection automatique des vibrations, trois niveaux de brumisation et un design \u00e9l\u00e9gant et rechargeable, il garantit fra\u00eecheur et confort dans votre voiture \u00e0 tout moment.<br \/>\n<a href=\"https:\/\/ismell.ch\/wp-content\/uploads\/2025\/09\/Product-Parameter-for-car-diffusersnew-one2025.9.10.pdf\"><img loading=\"lazy\" decoding=\"async\" class=\"alignleft wp-image-1131 size-full\" src=\"https:\/\/ismell.ch\/wp-content\/uploads\/2024\/12\/Instructions-Manual.png\" alt=\"\" width=\"204\" height=\"60\" srcset=\"https:\/\/ismell.ch\/wp-content\/uploads\/2024\/12\/Instructions-Manual.png 204w, https:\/\/ismell.ch\/wp-content\/uploads\/2024\/12\/Instructions-Manual-200x59.png 200w\" sizes=\"auto, (max-width: 204px) 100vw, 204px\" \/><\/a><\/p>","protected":false},"featured_media":3991,"comment_status":"open","ping_status":"closed","template":"","meta":{"CBBTypography":[]},"product_brand":[],"product_cat":[24],"product_tag":[],"class_list":{"0":"post-3987","1":"product","2":"type-product","3":"status-publish","4":"has-post-thumbnail","6":"product_cat-diffusoren","8":"first","9":"instock","10":"shipping-taxable","11":"purchasable","12":"product-type-simple"},"jetpack_sharing_enabled":true,"_links":{"self":[{"href":"https:\/\/ismell.ch\/fr\/wp-json\/wp\/v2\/product\/3987","targetHints":{"allow":["GET"]}}],"collection":[{"href":"https:\/\/ismell.ch\/fr\/wp-json\/wp\/v2\/product"}],"about":[{"href":"https:\/\/ismell.ch\/fr\/wp-json\/wp\/v2\/types\/product"}],"replies":[{"embeddable":true,"href":"https:\/\/ismell.ch\/fr\/wp-json\/wp\/v2\/comments?post=3987"}],"wp:featuredmedia":[{"embeddable":true,"href":"https:\/\/ismell.ch\/fr\/wp-json\/wp\/v2\/media\/3991"}],"wp:attachment":[{"href":"https:\/\/ismell.ch\/fr\/wp-json\/wp\/v2\/media?parent=3987"}],"wp:term":[{"taxonomy":"product_brand","embeddable":true,"href":"https:\/\/ismell.ch\/fr\/wp-json\/wp\/v2\/product_brand?post=3987"},{"taxonomy":"product_cat","embeddable":true,"href":"https:\/\/ismell.ch\/fr\/wp-json\/wp\/v2\/product_cat?post=3987"},{"taxonomy":"product_tag","embeddable":true,"href":"https:\/\/ismell.ch\/fr\/wp-json\/wp\/v2\/product_tag?post=3987"}],"curies":[{"name":"wp","href":"https:\/\/api.w.org\/{rel}","templated":true}]}}