{"id":2189,"date":"2025-04-02T14:29:36","date_gmt":"2025-04-02T12:29:36","guid":{"rendered":"https:\/\/ismell.ch\/?post_type=product&#038;p=2189"},"modified":"2026-04-05T22:34:33","modified_gmt":"2026-04-05T20:34:33","slug":"200a","status":"publish","type":"product","link":"https:\/\/ismell.ch\/fr\/product\/200a\/","title":{"rendered":"200A"},"content":{"rendered":"<p><strong>Principales caract\u00e9ristiques:<\/strong><br \/>\nStromversorgungsoption &#8211; Betrieb mit 4 AA-Batterien f\u00fcr den Dauerbetrieb.\u00a0Intelligente Steuerung &#8211; Passen Sie die Einstellungen \u00fcber die Bluetooth-App-Steuerung oder die integrierten Tasten an.<br \/>\nAnpassbarer Duftplan &#8211; Stellen Sie bis zu 5 verschiedene Arbeitszeitprogramme mit Intervallen von 2s-10s Arbeitszeit und 120s-900s Pausenzeit ein.<br \/>\nEffizient und leise &#8211; Verbraucht maximal 0,4 ml\/h und gew\u00e4hrleistet einen ger\u00e4uscharmen (&lt;38 dB) Betrieb ohne \u00d6lansammlung.<br \/>\nGro\u00dfes \u00d6lfassungsverm\u00f6gen &#8211; Fasst 170 ml \u00e4therisches \u00d6l f\u00fcr einen l\u00e4ngeren Gebrauch ohne h\u00e4ufiges Nachf\u00fcllen.<br \/>\nWandmontage &amp; platzsparend &#8211; Einfache Installation in einer H\u00f6he von 1,8 Metern f\u00fcr eine optimale Duftverteilung.<br \/>\nSicher &amp; Zuverl\u00e4ssig &#8211; Verf\u00fcgt \u00fcber eine Sperrfunktion, um unbefugte \u00c4nderungen der Einstellungen zu verhindern.<br \/>\nSpeicherfunktion &#8211; Speichert Ihre Einstellungen auch nach einem Stromausfall und sorgt so f\u00fcr ununterbrochenen Duft.<\/p>\n<p><img loading=\"lazy\" decoding=\"async\" class=\"size-full wp-image-2215 aligncenter\" src=\"https:\/\/ismell.ch\/wp-content\/uploads\/2025\/04\/200A-foto-posht-ne-informacion01.jpg\" alt=\"\" width=\"750\" height=\"1459\" srcset=\"https:\/\/ismell.ch\/wp-content\/uploads\/2025\/04\/200A-foto-posht-ne-informacion01.jpg 750w, https:\/\/ismell.ch\/wp-content\/uploads\/2025\/04\/200A-foto-posht-ne-informacion01-154x300.jpg 154w, https:\/\/ismell.ch\/wp-content\/uploads\/2025\/04\/200A-foto-posht-ne-informacion01-526x1024.jpg 526w, https:\/\/ismell.ch\/wp-content\/uploads\/2025\/04\/200A-foto-posht-ne-informacion01-6x12.jpg 6w, https:\/\/ismell.ch\/wp-content\/uploads\/2025\/04\/200A-foto-posht-ne-informacion01-200x389.jpg 200w, https:\/\/ismell.ch\/wp-content\/uploads\/2025\/04\/200A-foto-posht-ne-informacion01-500x973.jpg 500w, https:\/\/ismell.ch\/wp-content\/uploads\/2025\/04\/200A-foto-posht-ne-informacion01-600x1167.jpg 600w\" sizes=\"auto, (max-width: 750px) 100vw, 750px\" \/><img loading=\"lazy\" decoding=\"async\" class=\"size-full wp-image-2216 aligncenter\" src=\"https:\/\/ismell.ch\/wp-content\/uploads\/2025\/04\/200Afoto-posht-ne-informacion_02.jpg\" alt=\"\" width=\"750\" height=\"1319\" srcset=\"https:\/\/ismell.ch\/wp-content\/uploads\/2025\/04\/200Afoto-posht-ne-informacion_02.jpg 750w, https:\/\/ismell.ch\/wp-content\/uploads\/2025\/04\/200Afoto-posht-ne-informacion_02-171x300.jpg 171w, https:\/\/ismell.ch\/wp-content\/uploads\/2025\/04\/200Afoto-posht-ne-informacion_02-582x1024.jpg 582w, https:\/\/ismell.ch\/wp-content\/uploads\/2025\/04\/200Afoto-posht-ne-informacion_02-7x12.jpg 7w, https:\/\/ismell.ch\/wp-content\/uploads\/2025\/04\/200Afoto-posht-ne-informacion_02-200x352.jpg 200w, https:\/\/ismell.ch\/wp-content\/uploads\/2025\/04\/200Afoto-posht-ne-informacion_02-500x879.jpg 500w, https:\/\/ismell.ch\/wp-content\/uploads\/2025\/04\/200Afoto-posht-ne-informacion_02-600x1055.jpg 600w\" sizes=\"auto, (max-width: 750px) 100vw, 750px\" \/><img loading=\"lazy\" decoding=\"async\" class=\"size-full wp-image-2217 aligncenter\" src=\"https:\/\/ismell.ch\/wp-content\/uploads\/2025\/04\/200A-info-3.jpg\" alt=\"\" width=\"750\" height=\"1156\" srcset=\"https:\/\/ismell.ch\/wp-content\/uploads\/2025\/04\/200A-info-3.jpg 750w, https:\/\/ismell.ch\/wp-content\/uploads\/2025\/04\/200A-info-3-195x300.jpg 195w, https:\/\/ismell.ch\/wp-content\/uploads\/2025\/04\/200A-info-3-664x1024.jpg 664w, https:\/\/ismell.ch\/wp-content\/uploads\/2025\/04\/200A-info-3-8x12.jpg 8w, https:\/\/ismell.ch\/wp-content\/uploads\/2025\/04\/200A-info-3-200x308.jpg 200w, https:\/\/ismell.ch\/wp-content\/uploads\/2025\/04\/200A-info-3-500x771.jpg 500w, https:\/\/ismell.ch\/wp-content\/uploads\/2025\/04\/200A-info-3-600x925.jpg 600w\" sizes=\"auto, (max-width: 750px) 100vw, 750px\" \/><img loading=\"lazy\" decoding=\"async\" class=\"size-full wp-image-2218 aligncenter\" src=\"https:\/\/ismell.ch\/wp-content\/uploads\/2025\/04\/200A-info-4.jpg\" alt=\"\" width=\"750\" height=\"1601\" srcset=\"https:\/\/ismell.ch\/wp-content\/uploads\/2025\/04\/200A-info-4.jpg 750w, https:\/\/ismell.ch\/wp-content\/uploads\/2025\/04\/200A-info-4-141x300.jpg 141w, https:\/\/ismell.ch\/wp-content\/uploads\/2025\/04\/200A-info-4-480x1024.jpg 480w, https:\/\/ismell.ch\/wp-content\/uploads\/2025\/04\/200A-info-4-720x1536.jpg 720w, https:\/\/ismell.ch\/wp-content\/uploads\/2025\/04\/200A-info-4-6x12.jpg 6w, https:\/\/ismell.ch\/wp-content\/uploads\/2025\/04\/200A-info-4-200x427.jpg 200w, https:\/\/ismell.ch\/wp-content\/uploads\/2025\/04\/200A-info-4-500x1067.jpg 500w, https:\/\/ismell.ch\/wp-content\/uploads\/2025\/04\/200A-info-4-600x1281.jpg 600w\" sizes=\"auto, (max-width: 750px) 100vw, 750px\" \/><img loading=\"lazy\" decoding=\"async\" class=\"size-full wp-image-2219 aligncenter\" src=\"https:\/\/ismell.ch\/wp-content\/uploads\/2025\/04\/200A-info-5.jpg\" alt=\"\" width=\"750\" height=\"1348\" srcset=\"https:\/\/ismell.ch\/wp-content\/uploads\/2025\/04\/200A-info-5.jpg 750w, https:\/\/ismell.ch\/wp-content\/uploads\/2025\/04\/200A-info-5-167x300.jpg 167w, https:\/\/ismell.ch\/wp-content\/uploads\/2025\/04\/200A-info-5-570x1024.jpg 570w, https:\/\/ismell.ch\/wp-content\/uploads\/2025\/04\/200A-info-5-7x12.jpg 7w, https:\/\/ismell.ch\/wp-content\/uploads\/2025\/04\/200A-info-5-200x359.jpg 200w, https:\/\/ismell.ch\/wp-content\/uploads\/2025\/04\/200A-info-5-500x899.jpg 500w, https:\/\/ismell.ch\/wp-content\/uploads\/2025\/04\/200A-info-5-600x1078.jpg 600w\" sizes=\"auto, (max-width: 750px) 100vw, 750px\" \/><img loading=\"lazy\" decoding=\"async\" class=\"size-full wp-image-2220 aligncenter\" src=\"https:\/\/ismell.ch\/wp-content\/uploads\/2025\/04\/200A-info-6.jpg\" alt=\"\" width=\"750\" height=\"1117\" srcset=\"https:\/\/ismell.ch\/wp-content\/uploads\/2025\/04\/200A-info-6.jpg 750w, https:\/\/ismell.ch\/wp-content\/uploads\/2025\/04\/200A-info-6-201x300.jpg 201w, https:\/\/ismell.ch\/wp-content\/uploads\/2025\/04\/200A-info-6-688x1024.jpg 688w, https:\/\/ismell.ch\/wp-content\/uploads\/2025\/04\/200A-info-6-8x12.jpg 8w, https:\/\/ismell.ch\/wp-content\/uploads\/2025\/04\/200A-info-6-200x298.jpg 200w, https:\/\/ismell.ch\/wp-content\/uploads\/2025\/04\/200A-info-6-500x745.jpg 500w, https:\/\/ismell.ch\/wp-content\/uploads\/2025\/04\/200A-info-6-600x894.jpg 600w\" sizes=\"auto, (max-width: 750px) 100vw, 750px\" \/><img loading=\"lazy\" decoding=\"async\" class=\"size-full wp-image-2221 aligncenter\" src=\"https:\/\/ismell.ch\/wp-content\/uploads\/2025\/04\/200A-info-7.jpg\" alt=\"\" width=\"750\" height=\"2314\" srcset=\"https:\/\/ismell.ch\/wp-content\/uploads\/2025\/04\/200A-info-7.jpg 750w, https:\/\/ismell.ch\/wp-content\/uploads\/2025\/04\/200A-info-7-97x300.jpg 97w, https:\/\/ismell.ch\/wp-content\/uploads\/2025\/04\/200A-info-7-332x1024.jpg 332w, https:\/\/ismell.ch\/wp-content\/uploads\/2025\/04\/200A-info-7-498x1536.jpg 498w, https:\/\/ismell.ch\/wp-content\/uploads\/2025\/04\/200A-info-7-664x2048.jpg 664w, https:\/\/ismell.ch\/wp-content\/uploads\/2025\/04\/200A-info-7-4x12.jpg 4w, https:\/\/ismell.ch\/wp-content\/uploads\/2025\/04\/200A-info-7-200x617.jpg 200w, https:\/\/ismell.ch\/wp-content\/uploads\/2025\/04\/200A-info-7-500x1543.jpg 500w, https:\/\/ismell.ch\/wp-content\/uploads\/2025\/04\/200A-info-7-600x1851.jpg 600w\" sizes=\"auto, (max-width: 750px) 100vw, 750px\" \/><img loading=\"lazy\" decoding=\"async\" class=\"wp-image-2222 size-full aligncenter\" src=\"https:\/\/ismell.ch\/wp-content\/uploads\/2025\/04\/200A-info-8.jpg\" alt=\"\" width=\"750\" height=\"1283\" srcset=\"https:\/\/ismell.ch\/wp-content\/uploads\/2025\/04\/200A-info-8.jpg 750w, https:\/\/ismell.ch\/wp-content\/uploads\/2025\/04\/200A-info-8-175x300.jpg 175w, https:\/\/ismell.ch\/wp-content\/uploads\/2025\/04\/200A-info-8-599x1024.jpg 599w, https:\/\/ismell.ch\/wp-content\/uploads\/2025\/04\/200A-info-8-7x12.jpg 7w, https:\/\/ismell.ch\/wp-content\/uploads\/2025\/04\/200A-info-8-200x342.jpg 200w, https:\/\/ismell.ch\/wp-content\/uploads\/2025\/04\/200A-info-8-500x855.jpg 500w, https:\/\/ismell.ch\/wp-content\/uploads\/2025\/04\/200A-info-8-600x1026.jpg 600w\" sizes=\"auto, (max-width: 750px) 100vw, 750px\" \/><img loading=\"lazy\" decoding=\"async\" class=\"size-full wp-image-2223 aligncenter\" src=\"https:\/\/ismell.ch\/wp-content\/uploads\/2025\/04\/200A\u8be6\u60c5\u9875-\u82f1\u6587_07.jpg\" alt=\"\" width=\"750\" height=\"1144\" srcset=\"https:\/\/ismell.ch\/wp-content\/uploads\/2025\/04\/200A\u8be6\u60c5\u9875-\u82f1\u6587_07.jpg 750w, https:\/\/ismell.ch\/wp-content\/uploads\/2025\/04\/200A\u8be6\u60c5\u9875-\u82f1\u6587_07-197x300.jpg 197w, https:\/\/ismell.ch\/wp-content\/uploads\/2025\/04\/200A\u8be6\u60c5\u9875-\u82f1\u6587_07-671x1024.jpg 671w, https:\/\/ismell.ch\/wp-content\/uploads\/2025\/04\/200A\u8be6\u60c5\u9875-\u82f1\u6587_07-8x12.jpg 8w, https:\/\/ismell.ch\/wp-content\/uploads\/2025\/04\/200A\u8be6\u60c5\u9875-\u82f1\u6587_07-200x305.jpg 200w, https:\/\/ismell.ch\/wp-content\/uploads\/2025\/04\/200A\u8be6\u60c5\u9875-\u82f1\u6587_07-500x763.jpg 500w, https:\/\/ismell.ch\/wp-content\/uploads\/2025\/04\/200A\u8be6\u60c5\u9875-\u82f1\u6587_07-600x915.jpg 600w\" sizes=\"auto, (max-width: 750px) 100vw, 750px\" \/><img loading=\"lazy\" decoding=\"async\" class=\"size-full wp-image-2224 aligncenter\" src=\"https:\/\/ismell.ch\/wp-content\/uploads\/2025\/04\/200A\u8be6\u60c5\u9875-\u82f1\u6587_13.jpg\" alt=\"\" width=\"750\" height=\"1649\" srcset=\"https:\/\/ismell.ch\/wp-content\/uploads\/2025\/04\/200A\u8be6\u60c5\u9875-\u82f1\u6587_13.jpg 750w, https:\/\/ismell.ch\/wp-content\/uploads\/2025\/04\/200A\u8be6\u60c5\u9875-\u82f1\u6587_13-136x300.jpg 136w, https:\/\/ismell.ch\/wp-content\/uploads\/2025\/04\/200A\u8be6\u60c5\u9875-\u82f1\u6587_13-466x1024.jpg 466w, https:\/\/ismell.ch\/wp-content\/uploads\/2025\/04\/200A\u8be6\u60c5\u9875-\u82f1\u6587_13-699x1536.jpg 699w, https:\/\/ismell.ch\/wp-content\/uploads\/2025\/04\/200A\u8be6\u60c5\u9875-\u82f1\u6587_13-5x12.jpg 5w, https:\/\/ismell.ch\/wp-content\/uploads\/2025\/04\/200A\u8be6\u60c5\u9875-\u82f1\u6587_13-200x440.jpg 200w, https:\/\/ismell.ch\/wp-content\/uploads\/2025\/04\/200A\u8be6\u60c5\u9875-\u82f1\u6587_13-500x1099.jpg 500w, https:\/\/ismell.ch\/wp-content\/uploads\/2025\/04\/200A\u8be6\u60c5\u9875-\u82f1\u6587_13-600x1319.jpg 600w\" sizes=\"auto, (max-width: 750px) 100vw, 750px\" \/><img loading=\"lazy\" decoding=\"async\" class=\"size-full wp-image-2225 aligncenter\" src=\"https:\/\/ismell.ch\/wp-content\/uploads\/2025\/04\/200A\u8be6\u60c5\u9875-\u82f1\u6587_16.png\" alt=\"\" width=\"750\" height=\"1752\" srcset=\"https:\/\/ismell.ch\/wp-content\/uploads\/2025\/04\/200A\u8be6\u60c5\u9875-\u82f1\u6587_16.png 750w, https:\/\/ismell.ch\/wp-content\/uploads\/2025\/04\/200A\u8be6\u60c5\u9875-\u82f1\u6587_16-128x300.png 128w, https:\/\/ismell.ch\/wp-content\/uploads\/2025\/04\/200A\u8be6\u60c5\u9875-\u82f1\u6587_16-438x1024.png 438w, https:\/\/ismell.ch\/wp-content\/uploads\/2025\/04\/200A\u8be6\u60c5\u9875-\u82f1\u6587_16-658x1536.png 658w, https:\/\/ismell.ch\/wp-content\/uploads\/2025\/04\/200A\u8be6\u60c5\u9875-\u82f1\u6587_16-5x12.png 5w, https:\/\/ismell.ch\/wp-content\/uploads\/2025\/04\/200A\u8be6\u60c5\u9875-\u82f1\u6587_16-200x467.png 200w, https:\/\/ismell.ch\/wp-content\/uploads\/2025\/04\/200A\u8be6\u60c5\u9875-\u82f1\u6587_16-500x1168.png 500w, https:\/\/ismell.ch\/wp-content\/uploads\/2025\/04\/200A\u8be6\u60c5\u9875-\u82f1\u6587_16-600x1402.png 600w\" sizes=\"auto, (max-width: 750px) 100vw, 750px\" \/><\/p>","protected":false},"excerpt":{"rendered":"<p>200A Smart Scent Diffuser - Embellissez votre int\u00e9rieur avec des ar\u00f4mes de luxe<\/p>\n<p>Transformez votre maison, votre bureau ou vos locaux commerciaux avec le diffuseur 200A Smart Scent, con\u00e7u pour une diffusion de parfum sans effort et de longue dur\u00e9e. Avec son design fin et compact et sa technologie avanc\u00e9e \u00e0 deux fluides, ce diffuseur assure une couverture de parfum uniforme et r\u00e9glable pour des pi\u00e8ces de 100 \u00e0 300 m\u00e8tres cubes.<\/p>\n<p>Parfait pour les appartements, les bureaux, les chambres d'h\u00f4tel, les salles de bains, les halls, les ascenseurs, les toilettes et les bars, le Smart Scent Diffuser 200A offre une solution \u00e9l\u00e9gante et automatis\u00e9e pour cr\u00e9er une ambiance rafra\u00eechissante et accueillante.<\/p>\n<p>T\u00e9l\u00e9chargez l'application \u00ab AROMA IOT \u00bb sur l'Apple Store ou le Google Play pour contr\u00f4ler votre diffuseur \u00e0 distance.<\/p>\n<p>D\u00e9couvrez d\u00e8s aujourd'hui la diffusion d'ar\u00f4mes sans effort avec le diffuseur 200A Smart Scent.<\/p>\n<p><a href=\"https:\/\/apps.apple.com\/us\/app\/aroma-iot\/id1479180534\" target=\"_blank\" rel=\"noopener\"><img loading=\"lazy\" decoding=\"async\" class=\"alignleft wp-image-1121 size-full\" src=\"https:\/\/ismell.ch\/wp-content\/uploads\/2024\/12\/app-store.png\" alt=\"\" width=\"204\" height=\"60\" srcset=\"https:\/\/ismell.ch\/wp-content\/uploads\/2024\/12\/app-store.png 204w, https:\/\/ismell.ch\/wp-content\/uploads\/2024\/12\/app-store-200x59.png 200w\" sizes=\"auto, (max-width: 204px) 100vw, 204px\" \/><\/a><\/p>\n<p><a href=\"https:\/\/play.google.com\/store\/apps\/details?id=com.yooai.tommy\" target=\"_blank\" rel=\"noopener\"><img loading=\"lazy\" decoding=\"async\" class=\"alignleft wp-image-1122 size-full\" src=\"https:\/\/ismell.ch\/wp-content\/uploads\/2024\/12\/google-store.png\" alt=\"\" width=\"204\" height=\"60\" srcset=\"https:\/\/ismell.ch\/wp-content\/uploads\/2024\/12\/google-store.png 204w, https:\/\/ismell.ch\/wp-content\/uploads\/2024\/12\/google-store-200x59.png 200w\" sizes=\"auto, (max-width: 204px) 100vw, 204px\" \/><\/a><a href=\"https:\/\/ismell.ch\/wp-content\/uploads\/2025\/04\/200A-Instructions-v1.0.pdf\"><img loading=\"lazy\" decoding=\"async\" class=\"alignleft wp-image-1131 size-full\" src=\"https:\/\/ismell.ch\/wp-content\/uploads\/2024\/12\/Instructions-Manual.png\" alt=\"\" width=\"204\" height=\"60\" srcset=\"https:\/\/ismell.ch\/wp-content\/uploads\/2024\/12\/Instructions-Manual.png 204w, https:\/\/ismell.ch\/wp-content\/uploads\/2024\/12\/Instructions-Manual-200x59.png 200w\" sizes=\"auto, (max-width: 204px) 100vw, 204px\" \/><\/a><\/p>","protected":false},"featured_media":2194,"comment_status":"open","ping_status":"closed","template":"","meta":{"CBBTypography":[]},"product_brand":[],"product_cat":[24],"product_tag":[],"class_list":{"0":"post-2189","1":"product","2":"type-product","3":"status-publish","4":"has-post-thumbnail","6":"product_cat-diffusoren","8":"first","9":"instock","10":"shipping-taxable","11":"purchasable","12":"product-type-variable","13":"has-default-attributes"},"jetpack_sharing_enabled":true,"_links":{"self":[{"href":"https:\/\/ismell.ch\/fr\/wp-json\/wp\/v2\/product\/2189","targetHints":{"allow":["GET"]}}],"collection":[{"href":"https:\/\/ismell.ch\/fr\/wp-json\/wp\/v2\/product"}],"about":[{"href":"https:\/\/ismell.ch\/fr\/wp-json\/wp\/v2\/types\/product"}],"replies":[{"embeddable":true,"href":"https:\/\/ismell.ch\/fr\/wp-json\/wp\/v2\/comments?post=2189"}],"wp:featuredmedia":[{"embeddable":true,"href":"https:\/\/ismell.ch\/fr\/wp-json\/wp\/v2\/media\/2194"}],"wp:attachment":[{"href":"https:\/\/ismell.ch\/fr\/wp-json\/wp\/v2\/media?parent=2189"}],"wp:term":[{"taxonomy":"product_brand","embeddable":true,"href":"https:\/\/ismell.ch\/fr\/wp-json\/wp\/v2\/product_brand?post=2189"},{"taxonomy":"product_cat","embeddable":true,"href":"https:\/\/ismell.ch\/fr\/wp-json\/wp\/v2\/product_cat?post=2189"},{"taxonomy":"product_tag","embeddable":true,"href":"https:\/\/ismell.ch\/fr\/wp-json\/wp\/v2\/product_tag?post=2189"}],"curies":[{"name":"wp","href":"https:\/\/api.w.org\/{rel}","templated":true}]}}