{"id":1002,"date":"2024-12-05T20:36:03","date_gmt":"2024-12-05T20:36:03","guid":{"rendered":"https:\/\/ismell.ch\/?post_type=product&#038;p=1002"},"modified":"2026-02-19T01:45:59","modified_gmt":"2026-02-19T00:45:59","slug":"carpro-diffusor","status":"publish","type":"product","link":"https:\/\/ismell.ch\/fr\/product\/carpro-diffusor\/","title":{"rendered":"CarPro"},"content":{"rendered":"<p>L'aromath\u00e9rapie. Partout o\u00f9 vous allez. Voici Car PRO, un diffuseur d'ar\u00f4mes aussi beau que fonctionnel. Con\u00e7u pour la vie en mouvement, Car PRO transforme votre voiture, votre bureau ou votre chambre en un sanctuaire de calme avec un style sans effort. La pr\u00e9cision. Red\u00e9finie. Fabriqu\u00e9 en aluminium de qualit\u00e9 a\u00e9ronautique, Car PRO est un gage de durabilit\u00e9 et d'\u00e9l\u00e9gance. Pas de plastique. Juste un design pur et raffin\u00e9.<\/p>\n<p>Energie, die nicht nachl\u00e4sst. Ein 2000-mAh-Akku liefert bis zu 60 Stunden Dauerduft. Keine Steckdosen. Keine Unterbrechungen. Nur Gelassenheit. Leise und kraftvoll. CarPro wurde f\u00fcr fl\u00fcsterleise Leistung entwickelt und bereichert Ihre Umgebung ohne Ablenkung. Entspannen Sie sich, laden Sie auf oder konzentrieren Sie sich &#8211; in aller Ruhe. M\u00fchelose \u00dcberg\u00e4nge. Wechseln Sie die D\u00fcfte nahtlos, je nach Stimmung oder Moment. Mit einem Fassungsverm\u00f6gen von 10 ml genie\u00dfen Sie lang anhaltende D\u00fcfte, wo immer Sie sind.<\/p>\n<p>La polyvalence en mouvement. De la voiture au bureau, en passant par la salle de bains ou la chambre \u00e0 coucher, Car PRO s'adapte \u00e0 votre style de vie. Compact, portable et toujours pr\u00eat \u00e0 fonctionner.<br \/>\nCar PRO Plus qu'un simple diffuseur. Une r\u00e9volution.<\/p>\n<p><img loading=\"lazy\" decoding=\"async\" class=\"wp-image-1801 size-full aligncenter\" src=\"https:\/\/ismell.ch\/wp-content\/uploads\/2024\/12\/1-ismell-carpro.png\" alt=\"\" width=\"790\" height=\"1429\" srcset=\"https:\/\/ismell.ch\/wp-content\/uploads\/2024\/12\/1-ismell-carpro.png 790w, https:\/\/ismell.ch\/wp-content\/uploads\/2024\/12\/1-ismell-carpro-166x300.png 166w, https:\/\/ismell.ch\/wp-content\/uploads\/2024\/12\/1-ismell-carpro-566x1024.png 566w, https:\/\/ismell.ch\/wp-content\/uploads\/2024\/12\/1-ismell-carpro-768x1389.png 768w, https:\/\/ismell.ch\/wp-content\/uploads\/2024\/12\/1-ismell-carpro-7x12.png 7w, https:\/\/ismell.ch\/wp-content\/uploads\/2024\/12\/1-ismell-carpro-200x362.png 200w, https:\/\/ismell.ch\/wp-content\/uploads\/2024\/12\/1-ismell-carpro-500x904.png 500w, https:\/\/ismell.ch\/wp-content\/uploads\/2024\/12\/1-ismell-carpro-600x1085.png 600w\" sizes=\"auto, (max-width: 790px) 100vw, 790px\" \/> <img loading=\"lazy\" decoding=\"async\" class=\"wp-image-1802 size-full aligncenter\" src=\"https:\/\/ismell.ch\/wp-content\/uploads\/2024\/12\/2-ismell-carpro.png\" alt=\"\" width=\"790\" height=\"1329\" srcset=\"https:\/\/ismell.ch\/wp-content\/uploads\/2024\/12\/2-ismell-carpro.png 790w, https:\/\/ismell.ch\/wp-content\/uploads\/2024\/12\/2-ismell-carpro-178x300.png 178w, https:\/\/ismell.ch\/wp-content\/uploads\/2024\/12\/2-ismell-carpro-609x1024.png 609w, https:\/\/ismell.ch\/wp-content\/uploads\/2024\/12\/2-ismell-carpro-768x1292.png 768w, https:\/\/ismell.ch\/wp-content\/uploads\/2024\/12\/2-ismell-carpro-7x12.png 7w, https:\/\/ismell.ch\/wp-content\/uploads\/2024\/12\/2-ismell-carpro-200x336.png 200w, https:\/\/ismell.ch\/wp-content\/uploads\/2024\/12\/2-ismell-carpro-500x841.png 500w, https:\/\/ismell.ch\/wp-content\/uploads\/2024\/12\/2-ismell-carpro-600x1009.png 600w\" sizes=\"auto, (max-width: 790px) 100vw, 790px\" \/> <img loading=\"lazy\" decoding=\"async\" class=\"aligncenter wp-image-1803 size-full\" src=\"https:\/\/ismell.ch\/wp-content\/uploads\/2024\/12\/3-ismell-carpro.png\" alt=\"\" width=\"790\" height=\"3005\" srcset=\"https:\/\/ismell.ch\/wp-content\/uploads\/2024\/12\/3-ismell-carpro.png 790w, https:\/\/ismell.ch\/wp-content\/uploads\/2024\/12\/3-ismell-carpro-79x300.png 79w, https:\/\/ismell.ch\/wp-content\/uploads\/2024\/12\/3-ismell-carpro-269x1024.png 269w, https:\/\/ismell.ch\/wp-content\/uploads\/2024\/12\/3-ismell-carpro-768x2921.png 768w, https:\/\/ismell.ch\/wp-content\/uploads\/2024\/12\/3-ismell-carpro-404x1536.png 404w, https:\/\/ismell.ch\/wp-content\/uploads\/2024\/12\/3-ismell-carpro-3x12.png 3w, https:\/\/ismell.ch\/wp-content\/uploads\/2024\/12\/3-ismell-carpro-200x761.png 200w, https:\/\/ismell.ch\/wp-content\/uploads\/2024\/12\/3-ismell-carpro-500x1902.png 500w, https:\/\/ismell.ch\/wp-content\/uploads\/2024\/12\/3-ismell-carpro-600x2282.png 600w\" sizes=\"auto, (max-width: 790px) 100vw, 790px\" \/> <img loading=\"lazy\" decoding=\"async\" class=\"aligncenter wp-image-1804 size-full\" src=\"https:\/\/ismell.ch\/wp-content\/uploads\/2024\/12\/4-ismell-carpro.png\" alt=\"\" width=\"790\" height=\"1713\" srcset=\"https:\/\/ismell.ch\/wp-content\/uploads\/2024\/12\/4-ismell-carpro.png 790w, https:\/\/ismell.ch\/wp-content\/uploads\/2024\/12\/4-ismell-carpro-138x300.png 138w, https:\/\/ismell.ch\/wp-content\/uploads\/2024\/12\/4-ismell-carpro-472x1024.png 472w, https:\/\/ismell.ch\/wp-content\/uploads\/2024\/12\/4-ismell-carpro-768x1665.png 768w, https:\/\/ismell.ch\/wp-content\/uploads\/2024\/12\/4-ismell-carpro-708x1536.png 708w, https:\/\/ismell.ch\/wp-content\/uploads\/2024\/12\/4-ismell-carpro-6x12.png 6w, https:\/\/ismell.ch\/wp-content\/uploads\/2024\/12\/4-ismell-carpro-200x434.png 200w, https:\/\/ismell.ch\/wp-content\/uploads\/2024\/12\/4-ismell-carpro-500x1084.png 500w, https:\/\/ismell.ch\/wp-content\/uploads\/2024\/12\/4-ismell-carpro-600x1301.png 600w\" sizes=\"auto, (max-width: 790px) 100vw, 790px\" \/> <img loading=\"lazy\" decoding=\"async\" class=\"aligncenter wp-image-1805 size-full\" src=\"https:\/\/ismell.ch\/wp-content\/uploads\/2024\/12\/5-ismell-carpro.png\" alt=\"\" width=\"790\" height=\"1676\" srcset=\"https:\/\/ismell.ch\/wp-content\/uploads\/2024\/12\/5-ismell-carpro.png 790w, https:\/\/ismell.ch\/wp-content\/uploads\/2024\/12\/5-ismell-carpro-141x300.png 141w, https:\/\/ismell.ch\/wp-content\/uploads\/2024\/12\/5-ismell-carpro-483x1024.png 483w, https:\/\/ismell.ch\/wp-content\/uploads\/2024\/12\/5-ismell-carpro-768x1629.png 768w, https:\/\/ismell.ch\/wp-content\/uploads\/2024\/12\/5-ismell-carpro-724x1536.png 724w, https:\/\/ismell.ch\/wp-content\/uploads\/2024\/12\/5-ismell-carpro-6x12.png 6w, https:\/\/ismell.ch\/wp-content\/uploads\/2024\/12\/5-ismell-carpro-200x424.png 200w, https:\/\/ismell.ch\/wp-content\/uploads\/2024\/12\/5-ismell-carpro-500x1061.png 500w, https:\/\/ismell.ch\/wp-content\/uploads\/2024\/12\/5-ismell-carpro-600x1273.png 600w\" sizes=\"auto, (max-width: 790px) 100vw, 790px\" \/> <img loading=\"lazy\" decoding=\"async\" class=\"aligncenter wp-image-1806 size-full\" src=\"https:\/\/ismell.ch\/wp-content\/uploads\/2024\/12\/6-ismell-carpro.png\" alt=\"\" width=\"790\" height=\"1981\" srcset=\"https:\/\/ismell.ch\/wp-content\/uploads\/2024\/12\/6-ismell-carpro.png 790w, https:\/\/ismell.ch\/wp-content\/uploads\/2024\/12\/6-ismell-carpro-120x300.png 120w, https:\/\/ismell.ch\/wp-content\/uploads\/2024\/12\/6-ismell-carpro-408x1024.png 408w, https:\/\/ismell.ch\/wp-content\/uploads\/2024\/12\/6-ismell-carpro-768x1926.png 768w, https:\/\/ismell.ch\/wp-content\/uploads\/2024\/12\/6-ismell-carpro-613x1536.png 613w, https:\/\/ismell.ch\/wp-content\/uploads\/2024\/12\/6-ismell-carpro-5x12.png 5w, https:\/\/ismell.ch\/wp-content\/uploads\/2024\/12\/6-ismell-carpro-200x502.png 200w, https:\/\/ismell.ch\/wp-content\/uploads\/2024\/12\/6-ismell-carpro-500x1254.png 500w, https:\/\/ismell.ch\/wp-content\/uploads\/2024\/12\/6-ismell-carpro-600x1505.png 600w\" sizes=\"auto, (max-width: 790px) 100vw, 790px\" \/> <img loading=\"lazy\" decoding=\"async\" class=\"aligncenter wp-image-1807 size-full\" src=\"https:\/\/ismell.ch\/wp-content\/uploads\/2024\/12\/7-ismell-carpro.png\" alt=\"\" width=\"790\" height=\"1552\" srcset=\"https:\/\/ismell.ch\/wp-content\/uploads\/2024\/12\/7-ismell-carpro.png 790w, https:\/\/ismell.ch\/wp-content\/uploads\/2024\/12\/7-ismell-carpro-153x300.png 153w, https:\/\/ismell.ch\/wp-content\/uploads\/2024\/12\/7-ismell-carpro-521x1024.png 521w, https:\/\/ismell.ch\/wp-content\/uploads\/2024\/12\/7-ismell-carpro-768x1509.png 768w, https:\/\/ismell.ch\/wp-content\/uploads\/2024\/12\/7-ismell-carpro-782x1536.png 782w, https:\/\/ismell.ch\/wp-content\/uploads\/2024\/12\/7-ismell-carpro-6x12.png 6w, https:\/\/ismell.ch\/wp-content\/uploads\/2024\/12\/7-ismell-carpro-200x393.png 200w, https:\/\/ismell.ch\/wp-content\/uploads\/2024\/12\/7-ismell-carpro-500x982.png 500w, https:\/\/ismell.ch\/wp-content\/uploads\/2024\/12\/7-ismell-carpro-600x1179.png 600w\" sizes=\"auto, (max-width: 790px) 100vw, 790px\" \/> <img loading=\"lazy\" decoding=\"async\" class=\"aligncenter wp-image-1808 size-full\" src=\"https:\/\/ismell.ch\/wp-content\/uploads\/2024\/12\/8-ismell-carpro.png\" alt=\"\" width=\"790\" height=\"1245\" srcset=\"https:\/\/ismell.ch\/wp-content\/uploads\/2024\/12\/8-ismell-carpro.png 790w, https:\/\/ismell.ch\/wp-content\/uploads\/2024\/12\/8-ismell-carpro-190x300.png 190w, https:\/\/ismell.ch\/wp-content\/uploads\/2024\/12\/8-ismell-carpro-650x1024.png 650w, https:\/\/ismell.ch\/wp-content\/uploads\/2024\/12\/8-ismell-carpro-768x1210.png 768w, https:\/\/ismell.ch\/wp-content\/uploads\/2024\/12\/8-ismell-carpro-8x12.png 8w, https:\/\/ismell.ch\/wp-content\/uploads\/2024\/12\/8-ismell-carpro-200x315.png 200w, https:\/\/ismell.ch\/wp-content\/uploads\/2024\/12\/8-ismell-carpro-500x788.png 500w, https:\/\/ismell.ch\/wp-content\/uploads\/2024\/12\/8-ismell-carpro-600x946.png 600w\" sizes=\"auto, (max-width: 790px) 100vw, 790px\" \/> <img loading=\"lazy\" decoding=\"async\" class=\"aligncenter wp-image-1809 size-full\" src=\"https:\/\/ismell.ch\/wp-content\/uploads\/2024\/12\/9-ismell-carpro.png\" alt=\"\" width=\"790\" height=\"989\" srcset=\"https:\/\/ismell.ch\/wp-content\/uploads\/2024\/12\/9-ismell-carpro.png 790w, https:\/\/ismell.ch\/wp-content\/uploads\/2024\/12\/9-ismell-carpro-240x300.png 240w, https:\/\/ismell.ch\/wp-content\/uploads\/2024\/12\/9-ismell-carpro-768x961.png 768w, https:\/\/ismell.ch\/wp-content\/uploads\/2024\/12\/9-ismell-carpro-10x12.png 10w, https:\/\/ismell.ch\/wp-content\/uploads\/2024\/12\/9-ismell-carpro-200x250.png 200w, https:\/\/ismell.ch\/wp-content\/uploads\/2024\/12\/9-ismell-carpro-500x626.png 500w, https:\/\/ismell.ch\/wp-content\/uploads\/2024\/12\/9-ismell-carpro-600x751.png 600w\" sizes=\"auto, (max-width: 790px) 100vw, 790px\" \/><\/p>","protected":false},"excerpt":{"rendered":"<p>Fabriqu\u00e9 en aluminium de qualit\u00e9 a\u00e9ronautique, Car PRO est un gage de durabilit\u00e9 et d'\u00e9l\u00e9gance. Pas de plastique. Juste un design pur et raffin\u00e9. Une batterie rechargeable de 2 000 mAh offre jusqu'\u00e0 60 heures de parfum en continu. Pas de prise. Pas d'interruptions. Juste la s\u00e9r\u00e9nit\u00e9. De la voiture au bureau, en passant par la salle de bains ou la chambre \u00e0 coucher, Car PRO s'adapte \u00e0 votre style de vie. Compact, portable et toujours pr\u00eat \u00e0 fonctionner.<\/p>\n<p><strong>Das Sch\u00fctteln des ismell CarPro Diffusors, w\u00e4hrend sich \u00d6l darin befindet, f\u00fchrt zum Erl\u00f6schen der Produktgarantie.<\/strong><br \/>\n<img loading=\"lazy\" decoding=\"async\" class=\"alignnone wp-image-1472 size-thumbnail\" src=\"https:\/\/ismell.ch\/wp-content\/uploads\/2024\/12\/Artboard-1-150x150.jpg\" alt=\"\" width=\"150\" height=\"150\" srcset=\"https:\/\/ismell.ch\/wp-content\/uploads\/2024\/12\/Artboard-1-150x150.jpg 150w, https:\/\/ismell.ch\/wp-content\/uploads\/2024\/12\/Artboard-1-300x300.jpg 300w, https:\/\/ismell.ch\/wp-content\/uploads\/2024\/12\/Artboard-1-1024x1024.jpg 1024w, https:\/\/ismell.ch\/wp-content\/uploads\/2024\/12\/Artboard-1-768x768.jpg 768w, https:\/\/ismell.ch\/wp-content\/uploads\/2024\/12\/Artboard-1-1536x1536.jpg 1536w, https:\/\/ismell.ch\/wp-content\/uploads\/2024\/12\/Artboard-1-200x200.jpg 200w, https:\/\/ismell.ch\/wp-content\/uploads\/2024\/12\/Artboard-1-500x500.jpg 500w, https:\/\/ismell.ch\/wp-content\/uploads\/2024\/12\/Artboard-1-1320x1321.jpg 1320w, https:\/\/ismell.ch\/wp-content\/uploads\/2024\/12\/Artboard-1-600x600.jpg 600w, https:\/\/ismell.ch\/wp-content\/uploads\/2024\/12\/Artboard-1-100x100.jpg 100w, https:\/\/ismell.ch\/wp-content\/uploads\/2024\/12\/Artboard-1.jpg 2003w\" sizes=\"auto, (max-width: 150px) 100vw, 150px\" \/><\/p>\n<p><a href=\"https:\/\/ismell.ch\/wp-content\/uploads\/2025\/04\/CarPro-Instructions-v1.0.pdf\"><img loading=\"lazy\" decoding=\"async\" class=\"alignleft wp-image-1131 size-full\" src=\"https:\/\/ismell.ch\/wp-content\/uploads\/2024\/12\/Instructions-Manual.png\" alt=\"\" width=\"204\" height=\"60\" srcset=\"https:\/\/ismell.ch\/wp-content\/uploads\/2024\/12\/Instructions-Manual.png 204w, https:\/\/ismell.ch\/wp-content\/uploads\/2024\/12\/Instructions-Manual-200x59.png 200w\" sizes=\"auto, (max-width: 204px) 100vw, 204px\" \/><\/a><\/p>","protected":false},"featured_media":1456,"comment_status":"open","ping_status":"closed","template":"","meta":{"CBBTypography":[]},"product_brand":[],"product_cat":[24],"product_tag":[],"class_list":{"0":"post-1002","1":"product","2":"type-product","3":"status-publish","4":"has-post-thumbnail","6":"product_cat-diffusoren","8":"first","9":"instock","10":"shipping-taxable","11":"purchasable","12":"product-type-variable","13":"has-default-attributes"},"jetpack_sharing_enabled":true,"_links":{"self":[{"href":"https:\/\/ismell.ch\/fr\/wp-json\/wp\/v2\/product\/1002","targetHints":{"allow":["GET"]}}],"collection":[{"href":"https:\/\/ismell.ch\/fr\/wp-json\/wp\/v2\/product"}],"about":[{"href":"https:\/\/ismell.ch\/fr\/wp-json\/wp\/v2\/types\/product"}],"replies":[{"embeddable":true,"href":"https:\/\/ismell.ch\/fr\/wp-json\/wp\/v2\/comments?post=1002"}],"wp:featuredmedia":[{"embeddable":true,"href":"https:\/\/ismell.ch\/fr\/wp-json\/wp\/v2\/media\/1456"}],"wp:attachment":[{"href":"https:\/\/ismell.ch\/fr\/wp-json\/wp\/v2\/media?parent=1002"}],"wp:term":[{"taxonomy":"product_brand","embeddable":true,"href":"https:\/\/ismell.ch\/fr\/wp-json\/wp\/v2\/product_brand?post=1002"},{"taxonomy":"product_cat","embeddable":true,"href":"https:\/\/ismell.ch\/fr\/wp-json\/wp\/v2\/product_cat?post=1002"},{"taxonomy":"product_tag","embeddable":true,"href":"https:\/\/ismell.ch\/fr\/wp-json\/wp\/v2\/product_tag?post=1002"}],"curies":[{"name":"wp","href":"https:\/\/api.w.org\/{rel}","templated":true}]}}