{"id":2175,"date":"2025-03-23T20:34:42","date_gmt":"2025-03-23T19:34:42","guid":{"rendered":"https:\/\/ismell.ch\/?page_id=2175"},"modified":"2025-04-03T21:19:29","modified_gmt":"2025-04-03T19:19:29","slug":"aufmerksamkeit","status":"publish","type":"page","link":"https:\/\/ismell.ch\/fr\/aufmerksamkeit\/","title":{"rendered":"ATTENTION"},"content":{"rendered":"<div class=\"wp-block-stackable-columns stk-block-columns stk-block stk-6ecf26f\" data-block-id=\"6ecf26f\"><div class=\"stk-row stk-inner-blocks stk-block-content stk-content-align stk-6ecf26f-column\">\n<div class=\"wp-block-stackable-column stk-block-column stk-column stk-block stk-6db41da\" data-v=\"4\" data-block-id=\"6db41da\"><style>@media screen and (min-width:690px){.stk-6db41da {flex:var(--stk-flex-grow, 1) 1 calc(15% - var(--stk-column-gap, 0px) * 1 \/ 2 ) !important;}}@media screen and (min-width:690px) and (max-width:999px){.stk-6db41da {flex:var(--stk-flex-grow, 1) 1 calc(20% - var(--stk-column-gap, 0px) * 1 \/ 2 ) !important;}}<\/style><div class=\"stk-column-wrapper stk-block-column__content stk-container stk-6db41da-container stk--no-background stk--no-padding\"><div class=\"stk-block-content stk-inner-blocks stk-6db41da-inner-blocks\">\n<div class=\"wp-block-stackable-image stk-block-image stk-block stk-1e55080\" data-block-id=\"1e55080\"><figure><span class=\"stk-img-wrapper stk-image--shape-stretch\"><img loading=\"lazy\" decoding=\"async\" class=\"stk-img wp-image-1472\" src=\"https:\/\/ismell.ch\/wp-content\/uploads\/2024\/12\/Artboard-1.jpg\" width=\"2003\" height=\"2004\" srcset=\"https:\/\/ismell.ch\/wp-content\/uploads\/2024\/12\/Artboard-1.jpg 2003w, https:\/\/ismell.ch\/wp-content\/uploads\/2024\/12\/Artboard-1-300x300.jpg 300w, https:\/\/ismell.ch\/wp-content\/uploads\/2024\/12\/Artboard-1-1024x1024.jpg 1024w, https:\/\/ismell.ch\/wp-content\/uploads\/2024\/12\/Artboard-1-150x150.jpg 150w, https:\/\/ismell.ch\/wp-content\/uploads\/2024\/12\/Artboard-1-768x768.jpg 768w, https:\/\/ismell.ch\/wp-content\/uploads\/2024\/12\/Artboard-1-1536x1536.jpg 1536w, https:\/\/ismell.ch\/wp-content\/uploads\/2024\/12\/Artboard-1-200x200.jpg 200w, https:\/\/ismell.ch\/wp-content\/uploads\/2024\/12\/Artboard-1-500x500.jpg 500w, https:\/\/ismell.ch\/wp-content\/uploads\/2024\/12\/Artboard-1-1320x1321.jpg 1320w, https:\/\/ismell.ch\/wp-content\/uploads\/2024\/12\/Artboard-1-600x600.jpg 600w, https:\/\/ismell.ch\/wp-content\/uploads\/2024\/12\/Artboard-1-100x100.jpg 100w\" sizes=\"auto, (max-width: 2003px) 100vw, 2003px\" \/><\/span><\/figure><\/div>\n<\/div><\/div><\/div>\n\n\n\n<div class=\"wp-block-stackable-column stk-block-column stk-column stk-block stk-c7cb756\" data-v=\"4\" data-block-id=\"c7cb756\"><style>@media screen and (min-width:690px){.stk-c7cb756 {flex:var(--stk-flex-grow, 1) 1 calc(85% - var(--stk-column-gap, 0px) * 1 \/ 2 ) !important;}}@media screen and (min-width:690px) and (max-width:999px){.stk-c7cb756 {flex:var(--stk-flex-grow, 1) 1 calc(80% - var(--stk-column-gap, 0px) * 1 \/ 2 ) !important;}}<\/style><div class=\"stk-column-wrapper stk-block-column__content stk-container stk-c7cb756-container stk--no-background stk--no-padding\"><div class=\"stk-block-content stk-inner-blocks stk-c7cb756-inner-blocks\">\n<h2 class=\"wp-block-heading\">ATTENTION<\/h2>\n\n\n\n<p><strong><span style=\"color: #000000;\" class=\"stk-highlight\">Secouer les produits ismell alors qu'ils contiennent de l'huile annule la garantie du produit !<\/span><\/strong><\/p>\n<\/div><\/div><\/div>\n<\/div><\/div>\n\n\n\n<p><\/p>","protected":false},"excerpt":{"rendered":"<p>AUFMERKSAMKEIT Das Sch\u00fctteln des ismell Produkten, w\u00e4hrend sich \u00d6l darin befindet, f\u00fchrt zum Erl\u00f6schen der Produktgarantie!<\/p>","protected":false},"author":1,"featured_media":0,"parent":0,"menu_order":0,"comment_status":"closed","ping_status":"closed","template":"","meta":{"CBBTypography":[],"footnotes":""},"class_list":["post-2175","page","type-page","status-publish","hentry"],"blocksy_meta":[],"jetpack_sharing_enabled":true,"_links":{"self":[{"href":"https:\/\/ismell.ch\/fr\/wp-json\/wp\/v2\/pages\/2175","targetHints":{"allow":["GET"]}}],"collection":[{"href":"https:\/\/ismell.ch\/fr\/wp-json\/wp\/v2\/pages"}],"about":[{"href":"https:\/\/ismell.ch\/fr\/wp-json\/wp\/v2\/types\/page"}],"author":[{"embeddable":true,"href":"https:\/\/ismell.ch\/fr\/wp-json\/wp\/v2\/users\/1"}],"replies":[{"embeddable":true,"href":"https:\/\/ismell.ch\/fr\/wp-json\/wp\/v2\/comments?post=2175"}],"version-history":[{"count":0,"href":"https:\/\/ismell.ch\/fr\/wp-json\/wp\/v2\/pages\/2175\/revisions"}],"wp:attachment":[{"href":"https:\/\/ismell.ch\/fr\/wp-json\/wp\/v2\/media?parent=2175"}],"curies":[{"name":"wp","href":"https:\/\/api.w.org\/{rel}","templated":true}]}}