{"id":673,"date":"2022-05-06T17:41:29","date_gmt":"2022-05-06T17:41:29","guid":{"rendered":"https:\/\/startersites.io\/blocksy\/gadgets\/?post_type=product&#038;p=673"},"modified":"2025-07-21T21:12:21","modified_gmt":"2025-07-21T19:12:21","slug":"narcotic-fleur","status":"publish","type":"product","link":"https:\/\/ismell.ch\/en\/product\/narcotic-fleur\/","title":{"rendered":"NARCOTIC FLEUR"},"content":{"rendered":"<p><strong>Top Notes:<\/strong><br \/>\nLychee: Sweet and tropical with a juicy freshness.<br \/>\nBergamot: Adds a zesty, citrus brightness.<br \/>\nPeach: Soft, fruity sweetness that enhances the delicate charm.<\/p>\n<p><strong>Heart Notes:<\/strong><br \/>\nPeony: Floral, fresh, and slightly rosy, the star of the fragrance.<br \/>\nOrangenbl\u00fcte: Eine helle, wei\u00dfe Blumennote, die f\u00fcr Raffinesse sorgt.<br \/>\nJasmine: Adds depth and sensuality with its creamy floral touch.<\/p>\n<p><strong>Base Notes:<\/strong><br \/>\nMusk: Clean and soft, creating a warm skin-like dry-down.<br \/>\nMoss: Earthy and grounding, adding texture to the composition.<br \/>\nWoody Notes: Provides a smooth, elegant backbone to the fragrance.<\/p>","protected":false},"excerpt":{"rendered":"<div class=\"product-entry-wrapper ct-constrained-width\">\n<div class=\"summary entry-summary entry-summary-items\">\n<div class=\"woocommerce-product-details__short-description\">\n<p>Inspired by Ex Nihilo \u2013 Fleur Narcotique<\/p>\n<p>Narcotic Fleur is a floral-fruity fragrance. It is often described as an addictive, modern, and luminous scent.<\/p>\n<\/div>\n<\/div>\n<\/div>","protected":false},"featured_media":1391,"comment_status":"open","ping_status":"closed","template":"","meta":{"CBBTypography":[]},"product_brand":[],"product_cat":[30],"product_tag":[],"class_list":{"0":"post-673","1":"product","2":"type-product","3":"status-publish","4":"has-post-thumbnail","6":"product_cat-dufte","8":"first","9":"instock","10":"shipping-taxable","11":"purchasable","12":"product-type-variable","13":"has-default-attributes"},"jetpack_sharing_enabled":true,"_links":{"self":[{"href":"https:\/\/ismell.ch\/en\/wp-json\/wp\/v2\/product\/673","targetHints":{"allow":["GET"]}}],"collection":[{"href":"https:\/\/ismell.ch\/en\/wp-json\/wp\/v2\/product"}],"about":[{"href":"https:\/\/ismell.ch\/en\/wp-json\/wp\/v2\/types\/product"}],"replies":[{"embeddable":true,"href":"https:\/\/ismell.ch\/en\/wp-json\/wp\/v2\/comments?post=673"}],"wp:featuredmedia":[{"embeddable":true,"href":"https:\/\/ismell.ch\/en\/wp-json\/wp\/v2\/media\/1391"}],"wp:attachment":[{"href":"https:\/\/ismell.ch\/en\/wp-json\/wp\/v2\/media?parent=673"}],"wp:term":[{"taxonomy":"product_brand","embeddable":true,"href":"https:\/\/ismell.ch\/en\/wp-json\/wp\/v2\/product_brand?post=673"},{"taxonomy":"product_cat","embeddable":true,"href":"https:\/\/ismell.ch\/en\/wp-json\/wp\/v2\/product_cat?post=673"},{"taxonomy":"product_tag","embeddable":true,"href":"https:\/\/ismell.ch\/en\/wp-json\/wp\/v2\/product_tag?post=673"}],"curies":[{"name":"wp","href":"https:\/\/api.w.org\/{rel}","templated":true}]}}